{"id":5708,"date":"2023-03-14T09:42:55","date_gmt":"2023-03-14T08:42:55","guid":{"rendered":"https:\/\/www.hoteleuropariva.it\/?page_id=5708"},"modified":"2026-02-17T17:05:56","modified_gmt":"2026-02-17T16:05:56","slug":"sport-e-dintorni","status":"publish","type":"page","link":"https:\/\/www.hoteleuropariva.it\/it\/sport-e-dintorni\/","title":{"rendered":"Sport e dintorni"},"content":{"rendered":"<div  class=\"grids-section grids-is-advanced alignwide\" style=\"--_gs-gap-desktop:0px 0px;--_gs-m-desktop:0px 0 0px 0;--_gs-p-desktop:0 0 0 0;--_gs-bg-desktop:transparent none;--_gs-bg-xp-desktop:0px;--_gs-zi-desktop:1;--_gs-d-desktop:block;--_gs-mw-desktop:calc(100% - 0 - 0);--_gs-gap-tablet:0px 0px;--_gs-m-tablet:0px 0 0px 0;--_gs-p-tablet:0 0 0 0;--_gs-bg-tablet:transparent none;--_gs-bg-xp-tablet:0px;--_gs-zi-tablet:1;--_gs-d-tablet:block;--_gs-mw-tablet:calc(100% - 0 - 0);--_gs-gap-mobile:0px 0px;--_gs-m-mobile:0px 0 0px 0;--_gs-p-mobile:0 0 0 0;--_gs-bg-mobile:#ffffff none;--_gs-bg-xp-mobile:0px;--_gs-zi-mobile:1;--_gs-d-mobile:block;--_gs-mw-mobile:calc(100% - 0 - 0);--_gs-columns:12;--_gs-rows:6\"><div class=\"grids-s-w_i\">\n<div class=\"grids-area\" style=\"--_ga-column:1\/7;--_ga-row:1\/2;--_ga-m-desktop:0 15px 0 0;--_ga-p-desktop:0 60px 0 0;--_ga-bg-desktop:transparent none;--_ga-zi-desktop:auto;--_ga-d-desktop:flex;--_ga-mw-desktop:calc(100% - 0 - 15px);--_ga-m-tablet:0 15px 0 0;--_ga-p-tablet:20px 20px 20px 20px;--_ga-bg-tablet:transparent none;--_ga-zi-tablet:auto;--_ga-d-tablet:flex;--_ga-mw-tablet:calc(100% - 0 - 15px);--_ga-m-mobile:0 15px 0 0;--_ga-p-mobile:20px 20px 20px 20px;--_ga-bg-mobile:transparent none;--_ga-zi-mobile:auto;--_ga-d-mobile:flex;--_ga-mw-mobile:calc(100% - 0 - 15px)\">\n\n<p class=\"small uppercase has-normal-font-size\"><em><em>Per gli amanti delle attivit\u00e0 sportive<\/em><\/em><\/p>\n\n\n\n<h2 class=\"wp-block-heading\">Itinerari in bici e in moto dal Lago di Garda<\/h2>\n\n\n\n<div style=\"height:30px\" aria-hidden=\"true\" class=\"wp-block-spacer\"><\/div>\n\n\n\n<p>Hotel Europa vanta una posizione privilegiata. L\u2019albergo si trova in piazza Catena, <strong>nel cuore di Riva del Garda<\/strong> e <strong>affaccia direttamente sul lago<\/strong>.<\/p>\n\n\n\n<p>Per gli amanti delle attivit\u00e0 sportive, dal Lago di Garda \u00e8 possibile scegliere tra una serie di emozionanti <strong>percorsi in bicicletta e in moto.<\/strong><\/p>\n\n\n\n<div style=\"height:30px\" aria-hidden=\"true\" class=\"wp-block-spacer\"><\/div>\n\n\n\n<div class=\"wp-block-buttons is-layout-flex wp-container-core-buttons-is-layout-132b0da8 wp-block-buttons-is-layout-flex\">\n<div class=\"wp-block-button\"><a class=\"wp-block-button__link wp-element-button\" href=\"https:\/\/www.hoteleuropariva.it\/it\/percorsi-in-bici\/\">Percorsi in bici<\/a><\/div>\n\n\n\n<div class=\"wp-block-button\"><a class=\"wp-block-button__link wp-element-button\" href=\"https:\/\/www.hoteleuropariva.it\/it\/trentino-in-moto\/\">Trentino in moto<\/a><\/div>\n<\/div>\n\n<\/div>\n\n<div class=\"grids-area\" style=\"--_ga-column:7\/13;--_ga-row:1\/2;--_ga-va:center;--_ga-m-desktop:0 0 0 0;--_ga-p-desktop:0 0 0 0;--_ga-bg-desktop:transparent none;--_ga-zi-desktop:auto;--_ga-d-desktop:flex;--_ga-mw-desktop:calc(100% - 0 - 0);--_ga-m-tablet:0 0 0 0;--_ga-p-tablet:0 0 0 0;--_ga-bg-tablet:transparent none;--_ga-zi-tablet:auto;--_ga-d-tablet:flex;--_ga-mw-tablet:calc(100% - 0 - 0);--_ga-m-mobile:0 0 0 0;--_ga-p-mobile:0 0 0 0;--_ga-bg-mobile:transparent none;--_ga-zi-mobile:auto;--_ga-d-mobile:flex;--_ga-mw-mobile:calc(100% - 0 - 0)\">\n\n<figure class=\"wp-block-image size-large\"><img loading=\"lazy\" decoding=\"async\" width=\"1024\" height=\"683\" src=\"https:\/\/www.hoteleuropariva.it\/wp-content\/uploads\/2023\/03\/sport-7-1024x683.jpg\" alt=\"\" class=\"wp-image-5728\" srcset=\"https:\/\/www.hoteleuropariva.it\/wp-content\/uploads\/2023\/03\/sport-7-1024x683.jpg 1024w, https:\/\/www.hoteleuropariva.it\/wp-content\/uploads\/2023\/03\/sport-7-300x200.jpg 300w, https:\/\/www.hoteleuropariva.it\/wp-content\/uploads\/2023\/03\/sport-7-768x512.jpg 768w, https:\/\/www.hoteleuropariva.it\/wp-content\/uploads\/2023\/03\/sport-7-1536x1024.jpg 1536w, https:\/\/www.hoteleuropariva.it\/wp-content\/uploads\/2023\/03\/sport-7-1200x800.jpg 1200w, https:\/\/www.hoteleuropariva.it\/wp-content\/uploads\/2023\/03\/sport-7.jpg 1920w\" sizes=\"auto, (max-width: 1024px) 100vw, 1024px\" \/><\/figure>\n\n<\/div>\n<\/div><\/div>\n\n\n<figure class=\"wp-block-gallery has-nested-images columns-default is-cropped wp-block-gallery-2 is-layout-flex wp-block-gallery-is-layout-flex\">\n<figure class=\"wp-block-image size-large\"><img loading=\"lazy\" decoding=\"async\" width=\"1024\" height=\"683\" data-id=\"5731\" src=\"https:\/\/www.hoteleuropariva.it\/wp-content\/uploads\/2023\/03\/sport-1-1024x683.jpg\" alt=\"\" class=\"wp-image-5731\" srcset=\"https:\/\/www.hoteleuropariva.it\/wp-content\/uploads\/2023\/03\/sport-1-1024x683.jpg 1024w, https:\/\/www.hoteleuropariva.it\/wp-content\/uploads\/2023\/03\/sport-1-300x200.jpg 300w, https:\/\/www.hoteleuropariva.it\/wp-content\/uploads\/2023\/03\/sport-1-768x512.jpg 768w, https:\/\/www.hoteleuropariva.it\/wp-content\/uploads\/2023\/03\/sport-1-1536x1024.jpg 1536w, https:\/\/www.hoteleuropariva.it\/wp-content\/uploads\/2023\/03\/sport-1-1200x800.jpg 1200w, https:\/\/www.hoteleuropariva.it\/wp-content\/uploads\/2023\/03\/sport-1.jpg 1920w\" sizes=\"auto, (max-width: 1024px) 100vw, 1024px\" \/><\/figure>\n\n\n\n<figure class=\"wp-block-image size-large\"><img loading=\"lazy\" decoding=\"async\" width=\"1024\" height=\"683\" data-id=\"5725\" src=\"https:\/\/www.hoteleuropariva.it\/wp-content\/uploads\/2023\/03\/sport-6-1024x683.jpg\" alt=\"\" class=\"wp-image-5725\" srcset=\"https:\/\/www.hoteleuropariva.it\/wp-content\/uploads\/2023\/03\/sport-6-1024x683.jpg 1024w, https:\/\/www.hoteleuropariva.it\/wp-content\/uploads\/2023\/03\/sport-6-300x200.jpg 300w, https:\/\/www.hoteleuropariva.it\/wp-content\/uploads\/2023\/03\/sport-6-768x512.jpg 768w, https:\/\/www.hoteleuropariva.it\/wp-content\/uploads\/2023\/03\/sport-6-1536x1025.jpg 1536w, https:\/\/www.hoteleuropariva.it\/wp-content\/uploads\/2023\/03\/sport-6-1200x801.jpg 1200w, https:\/\/www.hoteleuropariva.it\/wp-content\/uploads\/2023\/03\/sport-6.jpg 1920w\" sizes=\"auto, (max-width: 1024px) 100vw, 1024px\" \/><\/figure>\n\n\n\n<figure class=\"wp-block-image size-large\"><img loading=\"lazy\" decoding=\"async\" width=\"1024\" height=\"683\" data-id=\"5722\" src=\"https:\/\/www.hoteleuropariva.it\/wp-content\/uploads\/2023\/03\/sport-5-1024x683.jpg\" alt=\"\" class=\"wp-image-5722\" srcset=\"https:\/\/www.hoteleuropariva.it\/wp-content\/uploads\/2023\/03\/sport-5-1024x683.jpg 1024w, https:\/\/www.hoteleuropariva.it\/wp-content\/uploads\/2023\/03\/sport-5-300x200.jpg 300w, https:\/\/www.hoteleuropariva.it\/wp-content\/uploads\/2023\/03\/sport-5-768x512.jpg 768w, https:\/\/www.hoteleuropariva.it\/wp-content\/uploads\/2023\/03\/sport-5-1536x1024.jpg 1536w, https:\/\/www.hoteleuropariva.it\/wp-content\/uploads\/2023\/03\/sport-5-1200x800.jpg 1200w, https:\/\/www.hoteleuropariva.it\/wp-content\/uploads\/2023\/03\/sport-5.jpg 1920w\" sizes=\"auto, (max-width: 1024px) 100vw, 1024px\" \/><\/figure>\n\n\n\n<figure class=\"wp-block-image size-large\"><img loading=\"lazy\" decoding=\"async\" width=\"1024\" height=\"683\" data-id=\"5719\" src=\"https:\/\/www.hoteleuropariva.it\/wp-content\/uploads\/2023\/03\/sport-4-1024x683.jpg\" alt=\"\" class=\"wp-image-5719\" srcset=\"https:\/\/www.hoteleuropariva.it\/wp-content\/uploads\/2023\/03\/sport-4-1024x683.jpg 1024w, https:\/\/www.hoteleuropariva.it\/wp-content\/uploads\/2023\/03\/sport-4-300x200.jpg 300w, https:\/\/www.hoteleuropariva.it\/wp-content\/uploads\/2023\/03\/sport-4-768x512.jpg 768w, https:\/\/www.hoteleuropariva.it\/wp-content\/uploads\/2023\/03\/sport-4-1536x1025.jpg 1536w, https:\/\/www.hoteleuropariva.it\/wp-content\/uploads\/2023\/03\/sport-4-1200x801.jpg 1200w, https:\/\/www.hoteleuropariva.it\/wp-content\/uploads\/2023\/03\/sport-4.jpg 1920w\" sizes=\"auto, (max-width: 1024px) 100vw, 1024px\" \/><\/figure>\n\n\n\n<figure class=\"wp-block-image size-large\"><img loading=\"lazy\" decoding=\"async\" width=\"1024\" height=\"683\" data-id=\"5716\" src=\"https:\/\/www.hoteleuropariva.it\/wp-content\/uploads\/2023\/03\/sport-3-1024x683.jpg\" alt=\"\" class=\"wp-image-5716\" srcset=\"https:\/\/www.hoteleuropariva.it\/wp-content\/uploads\/2023\/03\/sport-3-1024x683.jpg 1024w, https:\/\/www.hoteleuropariva.it\/wp-content\/uploads\/2023\/03\/sport-3-300x200.jpg 300w, https:\/\/www.hoteleuropariva.it\/wp-content\/uploads\/2023\/03\/sport-3-768x512.jpg 768w, https:\/\/www.hoteleuropariva.it\/wp-content\/uploads\/2023\/03\/sport-3-1536x1024.jpg 1536w, https:\/\/www.hoteleuropariva.it\/wp-content\/uploads\/2023\/03\/sport-3-1200x800.jpg 1200w, https:\/\/www.hoteleuropariva.it\/wp-content\/uploads\/2023\/03\/sport-3.jpg 1920w\" sizes=\"auto, (max-width: 1024px) 100vw, 1024px\" \/><\/figure>\n\n\n\n<figure class=\"wp-block-image size-large\"><img loading=\"lazy\" decoding=\"async\" width=\"1024\" height=\"683\" data-id=\"5713\" src=\"https:\/\/www.hoteleuropariva.it\/wp-content\/uploads\/2023\/03\/sport-2-1024x683.jpg\" alt=\"\" class=\"wp-image-5713\" srcset=\"https:\/\/www.hoteleuropariva.it\/wp-content\/uploads\/2023\/03\/sport-2-1024x683.jpg 1024w, https:\/\/www.hoteleuropariva.it\/wp-content\/uploads\/2023\/03\/sport-2-300x200.jpg 300w, https:\/\/www.hoteleuropariva.it\/wp-content\/uploads\/2023\/03\/sport-2-768x512.jpg 768w, https:\/\/www.hoteleuropariva.it\/wp-content\/uploads\/2023\/03\/sport-2-1536x1024.jpg 1536w, https:\/\/www.hoteleuropariva.it\/wp-content\/uploads\/2023\/03\/sport-2-1200x800.jpg 1200w, https:\/\/www.hoteleuropariva.it\/wp-content\/uploads\/2023\/03\/sport-2.jpg 1920w\" sizes=\"auto, (max-width: 1024px) 100vw, 1024px\" \/><\/figure>\n<\/figure>\n\n\n\n<div class=\"conver-widget-v2\"\n     data-instance=\"conver-v2-3\">\n\n  <div class=\"chat-container\" id=\"chat-section\">\n\n    <div class=\"chat-header\">\n      <div class=\"chat-header-logo\">\n        <img decoding=\"async\"\n          src=\"https:\/\/www.hoteleuropariva.it\/wp-content\/themes\/jampaa\/template-parts\/ricerca-conversazionale-v2\/assets\/img\/logo-ricerca-conv.png\"\n          alt=\"\"\n        >\n        <span>Ciao<\/span>\n      <\/div>\n\n      <h2>Da dove iniziamo?<\/h2>\n    <\/div>\n\n    <!-- Chat -->\n    <div class=\"chat-box\"><\/div>\n\n    <!-- Loading -->\n    <div class=\"loading-conver hidden\" aria-hidden=\"true\">\n      <div class=\"dot\"><\/div><div class=\"dot\"><\/div><div class=\"dot\"><\/div>\n    <\/div>\n\n    <!-- Input -->\n    <div class=\"input-area-conver-wrapper\">\n      <div class=\"input-area-conver\">\n        <textarea\n          class=\"user-input-conver\"\n          placeholder=\"Fai una domanda...\"\n          rows=\"1\"\n        ><\/textarea>\n\n        <div class=\"box-btn-conver\">\n          <a class=\"send-btn-conver\" href=\"#\" role=\"button\" aria-label=\"AI Search\">\n            <i class=\"fa-light fa-magnifying-glass icon-search\" aria-hidden=\"true\"><\/i>\n            <i class=\"fa-regular fa-arrow-up icon-send hidden\" aria-hidden=\"true\"><\/i>\n            <span class=\"ai-search-text\">AI Search<\/span>\n          <\/a>\n\n          <i class=\"fa-light fa-close icon-erase hidden\" aria-hidden=\"true\"><\/i>\n        <\/div>\n      <\/div>\n    <\/div>\n    <span class=\"show-quick-questions hidden\">Mostra domande rapide<\/span>\n\n    <!-- Domande rapide -->\n    <div class=\"entry-chats-wrapper\">\n      <button type=\"button\" class=\"entry-chat\" data-prompt=\"Prenota una camera per due persone\">\n        Prenota una camera per due persone      <\/button>\n\n      <button type=\"button\" class=\"entry-chat\" data-prompt=\"Scopri le offerte speciali\">\n        Scopri le offerte speciali      <\/button>\n\n      <button type=\"button\" class=\"entry-chat\" data-prompt=\"Scopri le camere\">\n        Scopri le camere      <\/button>\n\n      <button type=\"button\" class=\"entry-chat\" data-prompt=\"Scopri la Sky Pool e il centro benessere Ninfea&quot;\">\n        Scopri la Sky Pool e il centro benessere Ninfea&quot;      <\/button>\n    <\/div>\n\n  <\/div>\n<\/div>\n","protected":false},"excerpt":{"rendered":"","protected":false},"author":2,"featured_media":5736,"parent":0,"menu_order":0,"comment_status":"closed","ping_status":"closed","template":"templates\/template-full-width.php","meta":{"_acf_changed":false,"advgb_blocks_editor_width":"","advgb_blocks_columns_visual_guide":"","footnotes":""},"class_list":["post-5708","page","type-page","status-publish","has-post-thumbnail","hentry"],"acf":[],"yoast_head":"<!-- This site is optimized with the Yoast SEO plugin v26.9 - https:\/\/yoast.com\/product\/yoast-seo-wordpress\/ -->\n<title>Itinerari in bici e in moto sul Lago di Garda | Hotel Europa<\/title>\n<meta name=\"description\" content=\"Per gli amanti delle attivit\u00e0 sportive, dal Lago di Garda \u00e8 possibile scegliere tra una serie di emozionanti percorsi in bicicletta e in moto. Scopri di pi\u00f9!\" \/>\n<meta name=\"robots\" content=\"index, follow, max-snippet:-1, max-image-preview:large, max-video-preview:-1\" \/>\n<link rel=\"canonical\" href=\"https:\/\/www.hoteleuropariva.it\/it\/sport-e-dintorni\/\" \/>\n<meta property=\"og:locale\" content=\"it_IT\" \/>\n<meta property=\"og:type\" content=\"article\" \/>\n<meta property=\"og:title\" content=\"Itinerari in bici e in moto sul Lago di Garda | Hotel Europa\" \/>\n<meta property=\"og:description\" content=\"Per gli amanti delle attivit\u00e0 sportive, dal Lago di Garda \u00e8 possibile scegliere tra una serie di emozionanti percorsi in bicicletta e in moto. Scopri di pi\u00f9!\" \/>\n<meta property=\"og:url\" content=\"https:\/\/www.hoteleuropariva.it\/it\/sport-e-dintorni\/\" \/>\n<meta property=\"og:site_name\" content=\"Hotel Europa\" \/>\n<meta property=\"article:modified_time\" content=\"2026-02-17T16:05:56+00:00\" \/>\n<meta property=\"og:image\" content=\"https:\/\/www.hoteleuropariva.it\/wp-content\/uploads\/2023\/03\/sport-family.jpg\" \/>\n\t<meta property=\"og:image:width\" content=\"1920\" \/>\n\t<meta property=\"og:image:height\" content=\"1282\" \/>\n\t<meta property=\"og:image:type\" content=\"image\/jpeg\" \/>\n<meta name=\"twitter:card\" content=\"summary_large_image\" \/>\n<meta name=\"twitter:label1\" content=\"Tempo di lettura stimato\" \/>\n\t<meta name=\"twitter:data1\" content=\"2 minuti\" \/>\n<script type=\"application\/ld+json\" class=\"yoast-schema-graph\">{\"@context\":\"https:\/\/schema.org\",\"@graph\":[{\"@type\":\"WebPage\",\"@id\":\"https:\/\/www.hoteleuropariva.it\/it\/sport-e-dintorni\/\",\"url\":\"https:\/\/www.hoteleuropariva.it\/it\/sport-e-dintorni\/\",\"name\":\"Itinerari in bici e in moto sul Lago di Garda | Hotel Europa\",\"isPartOf\":{\"@id\":\"https:\/\/www.hoteleuropariva.it\/it\/#website\"},\"primaryImageOfPage\":{\"@id\":\"https:\/\/www.hoteleuropariva.it\/it\/sport-e-dintorni\/#primaryimage\"},\"image\":{\"@id\":\"https:\/\/www.hoteleuropariva.it\/it\/sport-e-dintorni\/#primaryimage\"},\"thumbnailUrl\":\"https:\/\/www.hoteleuropariva.it\/wp-content\/uploads\/2023\/03\/sport-family.jpg\",\"datePublished\":\"2023-03-14T08:42:55+00:00\",\"dateModified\":\"2026-02-17T16:05:56+00:00\",\"description\":\"Per gli amanti delle attivit\u00e0 sportive, dal Lago di Garda \u00e8 possibile scegliere tra una serie di emozionanti percorsi in bicicletta e in moto. Scopri di pi\u00f9!\",\"inLanguage\":\"it-IT\",\"potentialAction\":[{\"@type\":\"ReadAction\",\"target\":[\"https:\/\/www.hoteleuropariva.it\/it\/sport-e-dintorni\/\"]}]},{\"@type\":\"ImageObject\",\"inLanguage\":\"it-IT\",\"@id\":\"https:\/\/www.hoteleuropariva.it\/it\/sport-e-dintorni\/#primaryimage\",\"url\":\"https:\/\/www.hoteleuropariva.it\/wp-content\/uploads\/2023\/03\/sport-family.jpg\",\"contentUrl\":\"https:\/\/www.hoteleuropariva.it\/wp-content\/uploads\/2023\/03\/sport-family.jpg\",\"width\":1920,\"height\":1282},{\"@type\":\"WebSite\",\"@id\":\"https:\/\/www.hoteleuropariva.it\/it\/#website\",\"url\":\"https:\/\/www.hoteleuropariva.it\/it\/\",\"name\":\"Hotel Europa\",\"description\":\"SkyPool &amp; Panorama | Riva del Garda\",\"publisher\":{\"@id\":\"https:\/\/www.hoteleuropariva.it\/it\/#organization\"},\"potentialAction\":[{\"@type\":\"SearchAction\",\"target\":{\"@type\":\"EntryPoint\",\"urlTemplate\":\"https:\/\/www.hoteleuropariva.it\/it\/?s={search_term_string}\"},\"query-input\":{\"@type\":\"PropertyValueSpecification\",\"valueRequired\":true,\"valueName\":\"search_term_string\"}}],\"inLanguage\":\"it-IT\"},{\"@type\":\"Organization\",\"@id\":\"https:\/\/www.hoteleuropariva.it\/it\/#organization\",\"name\":\"Hotel Europa\",\"url\":\"https:\/\/www.hoteleuropariva.it\/it\/\",\"logo\":{\"@type\":\"ImageObject\",\"inLanguage\":\"it-IT\",\"@id\":\"https:\/\/www.hoteleuropariva.it\/it\/#\/schema\/logo\/image\/\",\"url\":\"https:\/\/www.hoteleuropariva.it\/wp-content\/uploads\/2024\/02\/cropped-cropped-hotel-europa-logo-negativo.png\",\"contentUrl\":\"https:\/\/www.hoteleuropariva.it\/wp-content\/uploads\/2024\/02\/cropped-cropped-hotel-europa-logo-negativo.png\",\"width\":700,\"height\":143,\"caption\":\"Hotel Europa\"},\"image\":{\"@id\":\"https:\/\/www.hoteleuropariva.it\/it\/#\/schema\/logo\/image\/\"}}]}<\/script>\n<!-- \/ Yoast SEO plugin. -->","yoast_head_json":{"title":"Itinerari in bici e in moto sul Lago di Garda | Hotel Europa","description":"Per gli amanti delle attivit\u00e0 sportive, dal Lago di Garda \u00e8 possibile scegliere tra una serie di emozionanti percorsi in bicicletta e in moto. Scopri di pi\u00f9!","robots":{"index":"index","follow":"follow","max-snippet":"max-snippet:-1","max-image-preview":"max-image-preview:large","max-video-preview":"max-video-preview:-1"},"canonical":"https:\/\/www.hoteleuropariva.it\/it\/sport-e-dintorni\/","og_locale":"it_IT","og_type":"article","og_title":"Itinerari in bici e in moto sul Lago di Garda | Hotel Europa","og_description":"Per gli amanti delle attivit\u00e0 sportive, dal Lago di Garda \u00e8 possibile scegliere tra una serie di emozionanti percorsi in bicicletta e in moto. Scopri di pi\u00f9!","og_url":"https:\/\/www.hoteleuropariva.it\/it\/sport-e-dintorni\/","og_site_name":"Hotel Europa","article_modified_time":"2026-02-17T16:05:56+00:00","og_image":[{"width":1920,"height":1282,"url":"https:\/\/www.hoteleuropariva.it\/wp-content\/uploads\/2023\/03\/sport-family.jpg","type":"image\/jpeg"}],"twitter_card":"summary_large_image","twitter_misc":{"Tempo di lettura stimato":"2 minuti"},"schema":{"@context":"https:\/\/schema.org","@graph":[{"@type":"WebPage","@id":"https:\/\/www.hoteleuropariva.it\/it\/sport-e-dintorni\/","url":"https:\/\/www.hoteleuropariva.it\/it\/sport-e-dintorni\/","name":"Itinerari in bici e in moto sul Lago di Garda | Hotel Europa","isPartOf":{"@id":"https:\/\/www.hoteleuropariva.it\/it\/#website"},"primaryImageOfPage":{"@id":"https:\/\/www.hoteleuropariva.it\/it\/sport-e-dintorni\/#primaryimage"},"image":{"@id":"https:\/\/www.hoteleuropariva.it\/it\/sport-e-dintorni\/#primaryimage"},"thumbnailUrl":"https:\/\/www.hoteleuropariva.it\/wp-content\/uploads\/2023\/03\/sport-family.jpg","datePublished":"2023-03-14T08:42:55+00:00","dateModified":"2026-02-17T16:05:56+00:00","description":"Per gli amanti delle attivit\u00e0 sportive, dal Lago di Garda \u00e8 possibile scegliere tra una serie di emozionanti percorsi in bicicletta e in moto. Scopri di pi\u00f9!","inLanguage":"it-IT","potentialAction":[{"@type":"ReadAction","target":["https:\/\/www.hoteleuropariva.it\/it\/sport-e-dintorni\/"]}]},{"@type":"ImageObject","inLanguage":"it-IT","@id":"https:\/\/www.hoteleuropariva.it\/it\/sport-e-dintorni\/#primaryimage","url":"https:\/\/www.hoteleuropariva.it\/wp-content\/uploads\/2023\/03\/sport-family.jpg","contentUrl":"https:\/\/www.hoteleuropariva.it\/wp-content\/uploads\/2023\/03\/sport-family.jpg","width":1920,"height":1282},{"@type":"WebSite","@id":"https:\/\/www.hoteleuropariva.it\/it\/#website","url":"https:\/\/www.hoteleuropariva.it\/it\/","name":"Hotel Europa","description":"SkyPool &amp; Panorama | Riva del Garda","publisher":{"@id":"https:\/\/www.hoteleuropariva.it\/it\/#organization"},"potentialAction":[{"@type":"SearchAction","target":{"@type":"EntryPoint","urlTemplate":"https:\/\/www.hoteleuropariva.it\/it\/?s={search_term_string}"},"query-input":{"@type":"PropertyValueSpecification","valueRequired":true,"valueName":"search_term_string"}}],"inLanguage":"it-IT"},{"@type":"Organization","@id":"https:\/\/www.hoteleuropariva.it\/it\/#organization","name":"Hotel Europa","url":"https:\/\/www.hoteleuropariva.it\/it\/","logo":{"@type":"ImageObject","inLanguage":"it-IT","@id":"https:\/\/www.hoteleuropariva.it\/it\/#\/schema\/logo\/image\/","url":"https:\/\/www.hoteleuropariva.it\/wp-content\/uploads\/2024\/02\/cropped-cropped-hotel-europa-logo-negativo.png","contentUrl":"https:\/\/www.hoteleuropariva.it\/wp-content\/uploads\/2024\/02\/cropped-cropped-hotel-europa-logo-negativo.png","width":700,"height":143,"caption":"Hotel Europa"},"image":{"@id":"https:\/\/www.hoteleuropariva.it\/it\/#\/schema\/logo\/image\/"}}]}},"coauthors":[],"author_meta":{"author_link":"https:\/\/www.hoteleuropariva.it\/it\/author\/hotel-europa\/","display_name":"Promoservice"},"relative_dates":{"created":"Pubblicato 3 anni fa","modified":"Aggiornato 2 mesi fa"},"absolute_dates":{"created":"Pubblicato il 14\/03\/2023","modified":"Aggiornato il 17\/02\/2026"},"absolute_dates_time":{"created":"Pubblicato il 14\/03\/2023 09:42","modified":"Aggiornato il 17\/02\/2026 17:05"},"featured_img_caption":"","featured_img":"https:\/\/www.hoteleuropariva.it\/wp-content\/uploads\/2023\/03\/sport-family-1200x801.jpg","series_order":"","_links":{"self":[{"href":"https:\/\/www.hoteleuropariva.it\/it\/wp-json\/wp\/v2\/pages\/5708","targetHints":{"allow":["GET"]}}],"collection":[{"href":"https:\/\/www.hoteleuropariva.it\/it\/wp-json\/wp\/v2\/pages"}],"about":[{"href":"https:\/\/www.hoteleuropariva.it\/it\/wp-json\/wp\/v2\/types\/page"}],"author":[{"embeddable":true,"href":"https:\/\/www.hoteleuropariva.it\/it\/wp-json\/wp\/v2\/users\/2"}],"replies":[{"embeddable":true,"href":"https:\/\/www.hoteleuropariva.it\/it\/wp-json\/wp\/v2\/comments?post=5708"}],"version-history":[{"count":3,"href":"https:\/\/www.hoteleuropariva.it\/it\/wp-json\/wp\/v2\/pages\/5708\/revisions"}],"predecessor-version":[{"id":10472,"href":"https:\/\/www.hoteleuropariva.it\/it\/wp-json\/wp\/v2\/pages\/5708\/revisions\/10472"}],"wp:featuredmedia":[{"embeddable":true,"href":"https:\/\/www.hoteleuropariva.it\/it\/wp-json\/wp\/v2\/media\/5736"}],"wp:attachment":[{"href":"https:\/\/www.hoteleuropariva.it\/it\/wp-json\/wp\/v2\/media?parent=5708"}],"curies":[{"name":"wp","href":"https:\/\/api.w.org\/{rel}","templated":true}]}}