{"id":5817,"date":"2023-05-15T16:59:33","date_gmt":"2023-05-15T14:59:33","guid":{"rendered":"https:\/\/www.hoteleuropariva.it\/?page_id=5817"},"modified":"2026-02-17T16:58:17","modified_gmt":"2026-02-17T15:58:17","slug":"meetings-und-veranstaltungen-hotel-europa","status":"publish","type":"page","link":"https:\/\/www.hoteleuropariva.it\/de\/meetings-und-veranstaltungen-hotel-europa\/","title":{"rendered":"Meetings und Veranstaltungen"},"content":{"rendered":"<div  class=\"grids-section grids-is-advanced alignwide\" style=\"--_gs-gap-desktop:0px 0px;--_gs-m-desktop:0 0 0 0;--_gs-p-desktop:0 0 0 0;--_gs-bg-desktop:transparent none;--_gs-bg-xp-desktop:0px;--_gs-zi-desktop:auto;--_gs-d-desktop:block;--_gs-mw-desktop:calc(100% - 0 - 0);--_gs-gap-tablet:0px 0px;--_gs-m-tablet:0 0 0 0;--_gs-p-tablet:0 0 0 0;--_gs-bg-tablet:transparent none;--_gs-bg-xp-tablet:0px;--_gs-zi-tablet:auto;--_gs-d-tablet:block;--_gs-mw-tablet:calc(100% - 0 - 0);--_gs-gap-mobile:0px 0px;--_gs-m-mobile:0 0 0 0;--_gs-p-mobile:0 0 0 0;--_gs-bg-mobile:transparent none;--_gs-bg-xp-mobile:0px;--_gs-zi-mobile:auto;--_gs-d-mobile:block;--_gs-mw-mobile:calc(100% - 0 - 0);--_gs-columns:12;--_gs-rows:6\"><div class=\"grids-s-w_i\">\n<div class=\"grids-area\" style=\"--_ga-column:2\/12;--_ga-row:1\/2;--_ga-m-desktop:0 0 0 0;--_ga-p-desktop:0 0 0 0;--_ga-bg-desktop:transparent none;--_ga-zi-desktop:auto;--_ga-d-desktop:flex;--_ga-mw-desktop:calc(100% - 0 - 0);--_ga-m-tablet:0 0 0 0;--_ga-p-tablet:0 0 0 0;--_ga-bg-tablet:transparent none;--_ga-zi-tablet:auto;--_ga-d-tablet:flex;--_ga-mw-tablet:calc(100% - 0 - 0);--_ga-m-mobile:0 0 0 0;--_ga-p-mobile:0 0 0 0;--_ga-bg-mobile:transparent none;--_ga-zi-mobile:auto;--_ga-d-mobile:flex;--_ga-mw-mobile:calc(100% - 0 - 0)\">\n\n<p class=\"small uppercase\"><em>UNTERNEHMENSDIENSTLEISTUNGEN<\/em><\/p>\n\n\n\n<h2 class=\"wp-block-heading\">Meetings und Veranstaltungen<\/h2>\n\n\n\n<div style=\"height:20px\" aria-hidden=\"true\" class=\"wp-block-spacer\"><\/div>\n\n\n\n<p><span style=\"font-weight: 400;\">Hotel Europa eignet sich bestens als Veranstaltungsort f\u00fcr <\/span><b>Meetings<\/b><span style=\"font-weight: 400;\">, kleine<\/span><b> Konferenzen<\/b><span style=\"font-weight: 400;\"> oder <\/span><b>Gesch\u00e4ftsessen<\/b><span style=\"font-weight: 400;\">.<\/span><\/p>\n\n\n\n\n\n\n\n<div style=\"height:5px\" aria-hidden=\"true\" class=\"wp-block-spacer\"><\/div>\n\n<\/div>\n\n<div class=\"grids-area\" style=\"--_ga-column:2\/7;--_ga-row:2\/3;--_ga-va:center;--_ga-m-desktop:0 5px 0 0;--_ga-p-desktop:0 0 0 0;--_ga-bg-desktop:transparent none;--_ga-zi-desktop:auto;--_ga-d-desktop:flex;--_ga-mw-desktop:calc(100% - 0 - 5px);--_ga-m-tablet:0 5px 0 0;--_ga-p-tablet:0 0 0 0;--_ga-bg-tablet:transparent none;--_ga-zi-tablet:auto;--_ga-d-tablet:flex;--_ga-mw-tablet:calc(100% - 0 - 5px);--_ga-m-mobile:0 5px 0 0;--_ga-p-mobile:0 0 0 0;--_ga-bg-mobile:transparent none;--_ga-zi-mobile:auto;--_ga-d-mobile:flex;--_ga-mw-mobile:calc(100% - 0 - 5px)\">\n\n<p>Ausstattung des Kongresssaals im Hotel Europa:<\/p>\n\n\n\n<ul class=\"wp-block-list\">\n<li>WLAN<\/li>\n\n\n\n<li>Projektor<\/li>\n\n\n\n<li>Verst\u00e4rkungsanlage<\/li>\n\n\n\n<li>Bildschirm<\/li>\n\n\n\n<li>LCD-TV<\/li>\n\n\n\n<li>Flip Chart<\/li>\n<\/ul>\n\n\n\n<p><b>Der Saal ist f\u00fcr bis zu 50 Personen geeignet.<\/b><\/p>\n\n\n\n\n\n<\/div>\n\n<div class=\"grids-area\" style=\"--_ga-column:7\/12;--_ga-row:2\/3;--_ga-va:center;--_ga-m-desktop:0 0 0 5px;--_ga-p-desktop:0 0 0 0;--_ga-bg-desktop:transparent none;--_ga-zi-desktop:auto;--_ga-d-desktop:flex;--_ga-mw-desktop:calc(100% - 5px - 0);--_ga-m-tablet:0 0 0 5px;--_ga-p-tablet:0 0 0 0;--_ga-bg-tablet:transparent none;--_ga-zi-tablet:auto;--_ga-d-tablet:flex;--_ga-mw-tablet:calc(100% - 5px - 0);--_ga-m-mobile:0 0 0 5px;--_ga-p-mobile:0 0 0 0;--_ga-bg-mobile:transparent none;--_ga-zi-mobile:auto;--_ga-d-mobile:flex;--_ga-mw-mobile:calc(100% - 5px - 0)\">\n\n<figure class=\"wp-block-image size-large\"><img loading=\"lazy\" decoding=\"async\" width=\"1024\" height=\"682\" src=\"https:\/\/www.hoteleuropariva.it\/wp-content\/uploads\/2023\/04\/Europa-hall2-1024x682.jpg\" alt=\"\" class=\"wp-image-6114\" srcset=\"https:\/\/www.hoteleuropariva.it\/wp-content\/uploads\/2023\/04\/Europa-hall2-1024x682.jpg 1024w, https:\/\/www.hoteleuropariva.it\/wp-content\/uploads\/2023\/04\/Europa-hall2-300x200.jpg 300w, https:\/\/www.hoteleuropariva.it\/wp-content\/uploads\/2023\/04\/Europa-hall2-768x512.jpg 768w, https:\/\/www.hoteleuropariva.it\/wp-content\/uploads\/2023\/04\/Europa-hall2-1536x1024.jpg 1536w, https:\/\/www.hoteleuropariva.it\/wp-content\/uploads\/2023\/04\/Europa-hall2-1200x800.jpg 1200w, https:\/\/www.hoteleuropariva.it\/wp-content\/uploads\/2023\/04\/Europa-hall2-1980x1320.jpg 1980w, https:\/\/www.hoteleuropariva.it\/wp-content\/uploads\/2023\/04\/Europa-hall2.jpg 2000w\" sizes=\"auto, (max-width: 1024px) 100vw, 1024px\" \/><\/figure>\n\n<\/div>\n\n<div class=\"grids-area\" style=\"--_ga-column:2\/12;--_ga-row:3\/4;--_ga-m-desktop:0 0 0 0;--_ga-p-desktop:0 0 0 0;--_ga-bg-desktop:transparent none;--_ga-zi-desktop:auto;--_ga-d-desktop:flex;--_ga-mw-desktop:calc(100% - 0 - 0);--_ga-m-tablet:0 0 0 0;--_ga-p-tablet:0 0 0 0;--_ga-bg-tablet:transparent none;--_ga-zi-tablet:auto;--_ga-d-tablet:flex;--_ga-mw-tablet:calc(100% - 0 - 0);--_ga-m-mobile:0 0 0 0;--_ga-p-mobile:0 0 0 0;--_ga-bg-mobile:transparent none;--_ga-zi-mobile:auto;--_ga-d-mobile:flex;--_ga-mw-mobile:calc(100% - 0 - 0)\">\n\n<div style=\"height:5px\" aria-hidden=\"true\" class=\"wp-block-spacer\"><\/div>\n\n\n\n<p><span style=\"font-weight: 400;\">Mit seiner<\/span><b> Restaurantterrasse mit Blick auf den See<\/b><span style=\"font-weight: 400;\"> <\/span><b><b>finden<\/b> Sie im <\/b><a href=\"https:\/\/www.hoteleuropariva.it\/de\/restaurant\/\"><b>Speisesaal<\/b><\/a><b>  bis zu 120 Personen Platz.<\/b><\/p>\n\n\n\n<div style=\"height:5px\" aria-hidden=\"true\" class=\"wp-block-spacer\"><\/div>\n\n\n\n<p><b>Fragen?&nbsp;<\/b><span style=\"font-weight: 400;\">Das Hotelteam bietet einen hochprofessionellen Service und steht Ihnen auch bei der Organisation gerne zur Seite.<\/span><\/p>\n\n\n\n<div class=\"wp-block-advgb-button aligncenter is-style-squared\"><a class=\"wp-block-advgb-button_link advgbbtn-a73862e5-0dcb-4b4f-8a6e-4561437e7a61\" href=\"https:\/\/www.hoteleuropariva.it\/de\/kontakte\/\" target=\"_self\" rel=\"noopener noreferrer\"><span><strong>KONTAKTE<\/strong><\/span><\/a><\/div>\n\n<\/div>\n<\/div><\/div>\n\n\n<div class=\"conver-widget-v2\"\n     data-instance=\"conver-v2-2\">\n\n  <div class=\"chat-container\" id=\"chat-section\">\n\n    <div class=\"chat-header\">\n      <div class=\"chat-header-logo\">\n        <img decoding=\"async\"\n          src=\"https:\/\/www.hoteleuropariva.it\/wp-content\/themes\/jampaa\/template-parts\/ricerca-conversazionale-v2\/assets\/img\/logo-ricerca-conv.png\"\n          alt=\"\"\n        >\n        <span>Hallo<\/span>\n      <\/div>\n\n      <h2>Womit fangen wir an?<\/h2>\n    <\/div>\n\n    <!-- Chat -->\n    <div class=\"chat-box\"><\/div>\n\n    <!-- Loading -->\n    <div class=\"loading-conver hidden\" aria-hidden=\"true\">\n      <div class=\"dot\"><\/div><div class=\"dot\"><\/div><div class=\"dot\"><\/div>\n    <\/div>\n\n    <!-- Input -->\n    <div class=\"input-area-conver-wrapper\">\n      <div class=\"input-area-conver\">\n        <textarea\n          class=\"user-input-conver\"\n          placeholder=\"Stelle eine Frage...\"\n          rows=\"1\"\n        ><\/textarea>\n\n        <div class=\"box-btn-conver\">\n          <a class=\"send-btn-conver\" href=\"#\" role=\"button\" aria-label=\"AI Search\">\n            <i class=\"fa-light fa-magnifying-glass icon-search\" aria-hidden=\"true\"><\/i>\n            <i class=\"fa-regular fa-arrow-up icon-send hidden\" aria-hidden=\"true\"><\/i>\n            <span class=\"ai-search-text\">AI Search<\/span>\n          <\/a>\n\n          <i class=\"fa-light fa-close icon-erase hidden\" aria-hidden=\"true\"><\/i>\n        <\/div>\n      <\/div>\n    <\/div>\n    <span class=\"show-quick-questions hidden\">Zeige schnelle Fragen<\/span>\n\n    <!-- Domande rapide -->\n    <div class=\"entry-chats-wrapper\">\n      <button type=\"button\" class=\"entry-chat\" data-prompt=\"Ein Zimmer f\u00fcr zwei Personen buchen\">\n        Ein Zimmer f\u00fcr zwei Personen buchen      <\/button>\n\n      <button type=\"button\" class=\"entry-chat\" data-prompt=\"Sonderangebote entdecken\">\n        Sonderangebote entdecken      <\/button>\n\n      <button type=\"button\" class=\"entry-chat\" data-prompt=\"Zimmer entdecken\">\n        Zimmer entdecken      <\/button>\n\n      <button type=\"button\" class=\"entry-chat\" data-prompt=\"Entdecke den Sky Pool und das Wellnesscenter Ninfea\">\n        Entdecke den Sky Pool und das Wellnesscenter Ninfea      <\/button>\n    <\/div>\n\n  <\/div>\n<\/div>\n<style class=\"advgb-styles-renderer\">.advgbbtn-a73862e5-0dcb-4b4f-8a6e-4561437e7a61{font-size:18px;color:#ffffff !important;background-color:#2f2482 !important;margin:0px 0px 0px 0px !important;padding:10px 30px 10px 30px;border-width:1px !important;border-style:none;border-radius:50px !important;}.advgbbtn-a73862e5-0dcb-4b4f-8a6e-4561437e7a61:hover{box-shadow:1px 1px 12px 0px #ccc;opacity:1;transition:all 0.2s ease;}.advgbbtn-a73862e5-0dcb-4b4f-8a6e-4561437e7a61 > i {display: none !important;}.advgbbtn-a73862e5-0dcb-4b4f-8a6e-4561437e7a61{font-size:18px;color:#ffffff !important;background-color:#2f2482 !important;margin:0px 0px 0px 0px !important;padding:10px 30px 10px 30px;border-width:1px !important;border-style:none;border-radius:50px !important;}.advgbbtn-a73862e5-0dcb-4b4f-8a6e-4561437e7a61:hover{box-shadow:1px 1px 12px 0px #ccc;opacity:1;transition:all 0.2s ease;}.advgbbtn-a73862e5-0dcb-4b4f-8a6e-4561437e7a61 > i {display: none !important;}.advgbbtn-a73862e5-0dcb-4b4f-8a6e-4561437e7a61{font-size:18px;color:#ffffff !important;background-color:#2f2482 !important;margin:0px 0px 0px 0px !important;padding:10px 30px 10px 30px;border-width:1px !important;border-style:none;border-radius:50px !important;}.advgbbtn-a73862e5-0dcb-4b4f-8a6e-4561437e7a61:hover{box-shadow:1px 1px 12px 0px #ccc;opacity:1;transition:all 0.2s ease;}.advgbbtn-a73862e5-0dcb-4b4f-8a6e-4561437e7a61 > i {display: none !important;}<\/style>","protected":false},"excerpt":{"rendered":"","protected":false},"author":2,"featured_media":5401,"parent":0,"menu_order":0,"comment_status":"closed","ping_status":"closed","template":"","meta":{"_acf_changed":false,"advgb_blocks_editor_width":"","advgb_blocks_columns_visual_guide":"","footnotes":""},"class_list":["post-5817","page","type-page","status-publish","has-post-thumbnail","hentry"],"acf":[],"yoast_head":"<!-- This site is optimized with the Yoast SEO plugin v27.4 - https:\/\/yoast.com\/product\/yoast-seo-wordpress\/ -->\n<title>Meetings und Veranstaltungen - Hotel Europa SkyPool &amp; Panorama | Riva del Garda<\/title>\n<meta name=\"description\" content=\"Das Hotel Europa befindet sich in der Altstadt von Riva und verf\u00fcgt nicht nur \u00fcber eine privilegierte Lage, sondern auch \u00fcber ein Kongresszentrum.\" \/>\n<meta name=\"robots\" content=\"index, follow, max-snippet:-1, max-image-preview:large, max-video-preview:-1\" \/>\n<link rel=\"canonical\" href=\"https:\/\/www.hoteleuropariva.it\/de\/meetings-und-veranstaltungen-hotel-europa\/\" \/>\n<meta property=\"og:locale\" content=\"de_DE\" \/>\n<meta property=\"og:type\" content=\"article\" \/>\n<meta property=\"og:title\" content=\"Meetings und Veranstaltungen - Hotel Europa SkyPool &amp; Panorama | Riva del Garda\" \/>\n<meta property=\"og:description\" content=\"Das Hotel Europa befindet sich in der Altstadt von Riva und verf\u00fcgt nicht nur \u00fcber eine privilegierte Lage, sondern auch \u00fcber ein Kongresszentrum.\" \/>\n<meta property=\"og:url\" content=\"https:\/\/www.hoteleuropariva.it\/de\/meetings-und-veranstaltungen-hotel-europa\/\" \/>\n<meta property=\"og:site_name\" content=\"Hotel Europa\" \/>\n<meta property=\"article:modified_time\" content=\"2026-02-17T15:58:17+00:00\" \/>\n<meta property=\"og:image\" content=\"https:\/\/www.hoteleuropariva.it\/wp-content\/uploads\/2023\/03\/hall-staff_hotel-europa.jpg\" \/>\n\t<meta property=\"og:image:width\" content=\"1916\" \/>\n\t<meta property=\"og:image:height\" content=\"1277\" \/>\n\t<meta property=\"og:image:type\" content=\"image\/jpeg\" \/>\n<meta name=\"twitter:card\" content=\"summary_large_image\" \/>\n<meta name=\"twitter:label1\" content=\"Gesch\u00e4tzte Lesezeit\" \/>\n\t<meta name=\"twitter:data1\" content=\"1\u00a0Minute\" \/>\n<script type=\"application\/ld+json\" class=\"yoast-schema-graph\">{\"@context\":\"https:\\\/\\\/schema.org\",\"@graph\":[{\"@type\":\"WebPage\",\"@id\":\"https:\\\/\\\/www.hoteleuropariva.it\\\/de\\\/meetings-und-veranstaltungen-hotel-europa\\\/\",\"url\":\"https:\\\/\\\/www.hoteleuropariva.it\\\/de\\\/meetings-und-veranstaltungen-hotel-europa\\\/\",\"name\":\"Meetings und Veranstaltungen - Hotel Europa SkyPool &amp; Panorama | Riva del Garda\",\"isPartOf\":{\"@id\":\"https:\\\/\\\/www.hoteleuropariva.it\\\/de\\\/#website\"},\"primaryImageOfPage\":{\"@id\":\"https:\\\/\\\/www.hoteleuropariva.it\\\/de\\\/meetings-und-veranstaltungen-hotel-europa\\\/#primaryimage\"},\"image\":{\"@id\":\"https:\\\/\\\/www.hoteleuropariva.it\\\/de\\\/meetings-und-veranstaltungen-hotel-europa\\\/#primaryimage\"},\"thumbnailUrl\":\"https:\\\/\\\/www.hoteleuropariva.it\\\/wp-content\\\/uploads\\\/2023\\\/03\\\/hall-staff_hotel-europa.jpg\",\"datePublished\":\"2023-05-15T14:59:33+00:00\",\"dateModified\":\"2026-02-17T15:58:17+00:00\",\"description\":\"Das Hotel Europa befindet sich in der Altstadt von Riva und verf\u00fcgt nicht nur \u00fcber eine privilegierte Lage, sondern auch \u00fcber ein Kongresszentrum.\",\"inLanguage\":\"de\",\"potentialAction\":[{\"@type\":\"ReadAction\",\"target\":[\"https:\\\/\\\/www.hoteleuropariva.it\\\/de\\\/meetings-und-veranstaltungen-hotel-europa\\\/\"]}]},{\"@type\":\"ImageObject\",\"inLanguage\":\"de\",\"@id\":\"https:\\\/\\\/www.hoteleuropariva.it\\\/de\\\/meetings-und-veranstaltungen-hotel-europa\\\/#primaryimage\",\"url\":\"https:\\\/\\\/www.hoteleuropariva.it\\\/wp-content\\\/uploads\\\/2023\\\/03\\\/hall-staff_hotel-europa.jpg\",\"contentUrl\":\"https:\\\/\\\/www.hoteleuropariva.it\\\/wp-content\\\/uploads\\\/2023\\\/03\\\/hall-staff_hotel-europa.jpg\",\"width\":1916,\"height\":1277},{\"@type\":\"WebSite\",\"@id\":\"https:\\\/\\\/www.hoteleuropariva.it\\\/de\\\/#website\",\"url\":\"https:\\\/\\\/www.hoteleuropariva.it\\\/de\\\/\",\"name\":\"Hotel Europa\",\"description\":\"SkyPool &amp; Panorama | Riva del Garda\",\"publisher\":{\"@id\":\"https:\\\/\\\/www.hoteleuropariva.it\\\/de\\\/#organization\"},\"potentialAction\":[{\"@type\":\"SearchAction\",\"target\":{\"@type\":\"EntryPoint\",\"urlTemplate\":\"https:\\\/\\\/www.hoteleuropariva.it\\\/de\\\/?s={search_term_string}\"},\"query-input\":{\"@type\":\"PropertyValueSpecification\",\"valueRequired\":true,\"valueName\":\"search_term_string\"}}],\"inLanguage\":\"de\"},{\"@type\":\"Organization\",\"@id\":\"https:\\\/\\\/www.hoteleuropariva.it\\\/de\\\/#organization\",\"name\":\"Hotel Europa\",\"url\":\"https:\\\/\\\/www.hoteleuropariva.it\\\/de\\\/\",\"logo\":{\"@type\":\"ImageObject\",\"inLanguage\":\"de\",\"@id\":\"https:\\\/\\\/www.hoteleuropariva.it\\\/de\\\/#\\\/schema\\\/logo\\\/image\\\/\",\"url\":\"https:\\\/\\\/www.hoteleuropariva.it\\\/wp-content\\\/uploads\\\/2024\\\/02\\\/cropped-cropped-hotel-europa-logo-negativo.png\",\"contentUrl\":\"https:\\\/\\\/www.hoteleuropariva.it\\\/wp-content\\\/uploads\\\/2024\\\/02\\\/cropped-cropped-hotel-europa-logo-negativo.png\",\"width\":700,\"height\":143,\"caption\":\"Hotel Europa\"},\"image\":{\"@id\":\"https:\\\/\\\/www.hoteleuropariva.it\\\/de\\\/#\\\/schema\\\/logo\\\/image\\\/\"}}]}<\/script>\n<!-- \/ Yoast SEO plugin. -->","yoast_head_json":{"title":"Meetings und Veranstaltungen - Hotel Europa SkyPool &amp; Panorama | Riva del Garda","description":"Das Hotel Europa befindet sich in der Altstadt von Riva und verf\u00fcgt nicht nur \u00fcber eine privilegierte Lage, sondern auch \u00fcber ein Kongresszentrum.","robots":{"index":"index","follow":"follow","max-snippet":"max-snippet:-1","max-image-preview":"max-image-preview:large","max-video-preview":"max-video-preview:-1"},"canonical":"https:\/\/www.hoteleuropariva.it\/de\/meetings-und-veranstaltungen-hotel-europa\/","og_locale":"de_DE","og_type":"article","og_title":"Meetings und Veranstaltungen - Hotel Europa SkyPool &amp; Panorama | Riva del Garda","og_description":"Das Hotel Europa befindet sich in der Altstadt von Riva und verf\u00fcgt nicht nur \u00fcber eine privilegierte Lage, sondern auch \u00fcber ein Kongresszentrum.","og_url":"https:\/\/www.hoteleuropariva.it\/de\/meetings-und-veranstaltungen-hotel-europa\/","og_site_name":"Hotel Europa","article_modified_time":"2026-02-17T15:58:17+00:00","og_image":[{"width":1916,"height":1277,"url":"https:\/\/www.hoteleuropariva.it\/wp-content\/uploads\/2023\/03\/hall-staff_hotel-europa.jpg","type":"image\/jpeg"}],"twitter_card":"summary_large_image","twitter_misc":{"Gesch\u00e4tzte Lesezeit":"1\u00a0Minute"},"schema":{"@context":"https:\/\/schema.org","@graph":[{"@type":"WebPage","@id":"https:\/\/www.hoteleuropariva.it\/de\/meetings-und-veranstaltungen-hotel-europa\/","url":"https:\/\/www.hoteleuropariva.it\/de\/meetings-und-veranstaltungen-hotel-europa\/","name":"Meetings und Veranstaltungen - Hotel Europa SkyPool &amp; Panorama | Riva del Garda","isPartOf":{"@id":"https:\/\/www.hoteleuropariva.it\/de\/#website"},"primaryImageOfPage":{"@id":"https:\/\/www.hoteleuropariva.it\/de\/meetings-und-veranstaltungen-hotel-europa\/#primaryimage"},"image":{"@id":"https:\/\/www.hoteleuropariva.it\/de\/meetings-und-veranstaltungen-hotel-europa\/#primaryimage"},"thumbnailUrl":"https:\/\/www.hoteleuropariva.it\/wp-content\/uploads\/2023\/03\/hall-staff_hotel-europa.jpg","datePublished":"2023-05-15T14:59:33+00:00","dateModified":"2026-02-17T15:58:17+00:00","description":"Das Hotel Europa befindet sich in der Altstadt von Riva und verf\u00fcgt nicht nur \u00fcber eine privilegierte Lage, sondern auch \u00fcber ein Kongresszentrum.","inLanguage":"de","potentialAction":[{"@type":"ReadAction","target":["https:\/\/www.hoteleuropariva.it\/de\/meetings-und-veranstaltungen-hotel-europa\/"]}]},{"@type":"ImageObject","inLanguage":"de","@id":"https:\/\/www.hoteleuropariva.it\/de\/meetings-und-veranstaltungen-hotel-europa\/#primaryimage","url":"https:\/\/www.hoteleuropariva.it\/wp-content\/uploads\/2023\/03\/hall-staff_hotel-europa.jpg","contentUrl":"https:\/\/www.hoteleuropariva.it\/wp-content\/uploads\/2023\/03\/hall-staff_hotel-europa.jpg","width":1916,"height":1277},{"@type":"WebSite","@id":"https:\/\/www.hoteleuropariva.it\/de\/#website","url":"https:\/\/www.hoteleuropariva.it\/de\/","name":"Hotel Europa","description":"SkyPool &amp; Panorama | Riva del Garda","publisher":{"@id":"https:\/\/www.hoteleuropariva.it\/de\/#organization"},"potentialAction":[{"@type":"SearchAction","target":{"@type":"EntryPoint","urlTemplate":"https:\/\/www.hoteleuropariva.it\/de\/?s={search_term_string}"},"query-input":{"@type":"PropertyValueSpecification","valueRequired":true,"valueName":"search_term_string"}}],"inLanguage":"de"},{"@type":"Organization","@id":"https:\/\/www.hoteleuropariva.it\/de\/#organization","name":"Hotel Europa","url":"https:\/\/www.hoteleuropariva.it\/de\/","logo":{"@type":"ImageObject","inLanguage":"de","@id":"https:\/\/www.hoteleuropariva.it\/de\/#\/schema\/logo\/image\/","url":"https:\/\/www.hoteleuropariva.it\/wp-content\/uploads\/2024\/02\/cropped-cropped-hotel-europa-logo-negativo.png","contentUrl":"https:\/\/www.hoteleuropariva.it\/wp-content\/uploads\/2024\/02\/cropped-cropped-hotel-europa-logo-negativo.png","width":700,"height":143,"caption":"Hotel Europa"},"image":{"@id":"https:\/\/www.hoteleuropariva.it\/de\/#\/schema\/logo\/image\/"}}]}},"coauthors":[],"author_meta":{"author_link":"https:\/\/www.hoteleuropariva.it\/de\/author\/hotel-europa\/","display_name":"Promoservice"},"relative_dates":{"created":"Posted 3\u00a0Jahren ago","modified":"Updated 3\u00a0Monaten ago"},"absolute_dates":{"created":"Posted on 15. Mai 2023","modified":"Updated on 17. Februar 2026"},"absolute_dates_time":{"created":"Posted on 15. Mai 2023 16:59","modified":"Updated on 17. Februar 2026 16:58"},"featured_img_caption":"","featured_img":"https:\/\/www.hoteleuropariva.it\/wp-content\/uploads\/2023\/03\/hall-staff_hotel-europa-1200x800.jpg","series_order":"","_links":{"self":[{"href":"https:\/\/www.hoteleuropariva.it\/de\/wp-json\/wp\/v2\/pages\/5817","targetHints":{"allow":["GET"]}}],"collection":[{"href":"https:\/\/www.hoteleuropariva.it\/de\/wp-json\/wp\/v2\/pages"}],"about":[{"href":"https:\/\/www.hoteleuropariva.it\/de\/wp-json\/wp\/v2\/types\/page"}],"author":[{"embeddable":true,"href":"https:\/\/www.hoteleuropariva.it\/de\/wp-json\/wp\/v2\/users\/2"}],"replies":[{"embeddable":true,"href":"https:\/\/www.hoteleuropariva.it\/de\/wp-json\/wp\/v2\/comments?post=5817"}],"version-history":[{"count":4,"href":"https:\/\/www.hoteleuropariva.it\/de\/wp-json\/wp\/v2\/pages\/5817\/revisions"}],"predecessor-version":[{"id":10437,"href":"https:\/\/www.hoteleuropariva.it\/de\/wp-json\/wp\/v2\/pages\/5817\/revisions\/10437"}],"wp:featuredmedia":[{"embeddable":true,"href":"https:\/\/www.hoteleuropariva.it\/de\/wp-json\/wp\/v2\/media\/5401"}],"wp:attachment":[{"href":"https:\/\/www.hoteleuropariva.it\/de\/wp-json\/wp\/v2\/media?parent=5817"}],"curies":[{"name":"wp","href":"https:\/\/api.w.org\/{rel}","templated":true}]}}