{"id":5636,"date":"2023-05-15T16:59:34","date_gmt":"2023-05-15T14:59:34","guid":{"rendered":"https:\/\/www.hoteleuropariva.it\/?page_id=5636"},"modified":"2026-02-17T17:06:36","modified_gmt":"2026-02-17T16:06:36","slug":"trentino-mit-dem-motorrad","status":"publish","type":"page","link":"https:\/\/www.hoteleuropariva.it\/de\/trentino-mit-dem-motorrad\/","title":{"rendered":"Trentino mit dem Motorrad"},"content":{"rendered":"<div  class=\"grids-section grids-is-advanced alignwide\" style=\"--_gs-gap-desktop:0px 0px;--_gs-m-desktop:0 0 0 0;--_gs-p-desktop:0 0 0 0;--_gs-bg-desktop:transparent none;--_gs-bg-xp-desktop:0px;--_gs-zi-desktop:auto;--_gs-d-desktop:block;--_gs-mw-desktop:calc(100% - 0 - 0);--_gs-gap-tablet:0px 0px;--_gs-m-tablet:0 0 0 0;--_gs-p-tablet:0 0 0 0;--_gs-bg-tablet:transparent none;--_gs-bg-xp-tablet:0px;--_gs-zi-tablet:auto;--_gs-d-tablet:block;--_gs-mw-tablet:calc(100% - 0 - 0);--_gs-gap-mobile:0px 0px;--_gs-m-mobile:0 0 0 0;--_gs-p-mobile:0 0 0 0;--_gs-bg-mobile:transparent none;--_gs-bg-xp-mobile:0px;--_gs-zi-mobile:auto;--_gs-d-mobile:block;--_gs-mw-mobile:calc(100% - 0 - 0);--_gs-columns:12;--_gs-rows:6\"><div class=\"grids-s-w_i\">\n<div class=\"grids-area\" style=\"--_ga-column:1\/9;--_ga-row:1\/2;--_ga-m-desktop:0 0 0 0;--_ga-p-desktop:0 0 0 0;--_ga-bg-desktop:transparent none;--_ga-zi-desktop:auto;--_ga-d-desktop:flex;--_ga-mw-desktop:calc(100% - 0 - 0);--_ga-m-tablet:0 0 0 0;--_ga-p-tablet:0 0 0 0;--_ga-bg-tablet:transparent none;--_ga-zi-tablet:auto;--_ga-d-tablet:flex;--_ga-mw-tablet:calc(100% - 0 - 0);--_ga-m-mobile:0 0 0 0;--_ga-p-mobile:0 0 0 0;--_ga-bg-mobile:transparent none;--_ga-zi-mobile:auto;--_ga-d-mobile:flex;--_ga-mw-mobile:calc(100% - 0 - 0)\">\n\n<p class=\"small uppercase has-normal-font-size\"><span style=\"font-weight: 400;\"><em>Empfohlene Routen<\/em><\/span><\/p>\n\n\n\n<h2 class=\"wp-block-heading\"><b>Trentino mit dem Motorrad<\/b><\/h2>\n\n\n\n<div style=\"height:20px\" aria-hidden=\"true\" class=\"wp-block-spacer\"><\/div>\n\n\n\n<p><span style=\"font-weight: 400;\">Das Hotel Europa &#8211; Sky Pool &amp; Panorama ist der <\/span><b>ideale Start- und Zielpunkt<\/b><span style=\"font-weight: 400;\"> f\u00fcr passionierte Motorradfahrer, die einen Urlaub am Gardasee genie\u00dfen m\u00f6chten.<\/span><\/p>\n\n<\/div>\n<\/div><\/div>\n\n<div  class=\"grids-section grids-is-advanced alignwide\" style=\"--_gs-gap-desktop:0px 0px;--_gs-m-desktop:0 0 0 0;--_gs-p-desktop:0 0 0 0;--_gs-bg-desktop:transparent none;--_gs-bg-xp-desktop:0px;--_gs-zi-desktop:auto;--_gs-d-desktop:block;--_gs-mw-desktop:calc(100% - 0 - 0);--_gs-gap-tablet:0px 0px;--_gs-m-tablet:0 0 0 0;--_gs-p-tablet:0 0 0 0;--_gs-bg-tablet:transparent none;--_gs-bg-xp-tablet:0px;--_gs-zi-tablet:auto;--_gs-d-tablet:block;--_gs-mw-tablet:calc(100% - 0 - 0);--_gs-gap-mobile:0px 0px;--_gs-m-mobile:0 0 0 0;--_gs-p-mobile:0 0 0 0;--_gs-bg-mobile:transparent none;--_gs-bg-xp-mobile:0px;--_gs-zi-mobile:auto;--_gs-d-mobile:block;--_gs-mw-mobile:calc(100% - 0 - 0);--_gs-columns:12;--_gs-rows:6\"><div class=\"grids-s-w_i\">\n<div class=\"grids-area\" style=\"--_ga-column:1\/7;--_ga-row:1\/2;--_ga-va:center;--_ga-m-desktop:0 0 0 0;--_ga-p-desktop:5px 5px 5px 5px;--_ga-bg-desktop:transparent none;--_ga-zi-desktop:auto;--_ga-d-desktop:flex;--_ga-mw-desktop:calc(100% - 0 - 0);--_ga-m-tablet:0 0 0 0;--_ga-p-tablet:5px 5px 5px 5px;--_ga-bg-tablet:transparent none;--_ga-zi-tablet:auto;--_ga-d-tablet:flex;--_ga-mw-tablet:calc(100% - 0 - 0);--_ga-m-mobile:0 0 0 0;--_ga-p-mobile:5px 5px 5px 5px;--_ga-bg-mobile:transparent none;--_ga-zi-mobile:auto;--_ga-d-mobile:flex;--_ga-mw-mobile:calc(100% - 0 - 0)\">\n\n<figure class=\"wp-block-image size-large\"><img loading=\"lazy\" decoding=\"async\" width=\"1024\" height=\"576\" src=\"https:\/\/www.hoteleuropariva.it\/wp-content\/uploads\/2023\/03\/mototurismo11-1024x576.jpg\" alt=\"\" class=\"wp-image-5650\" srcset=\"https:\/\/www.hoteleuropariva.it\/wp-content\/uploads\/2023\/03\/mototurismo11-1024x576.jpg 1024w, https:\/\/www.hoteleuropariva.it\/wp-content\/uploads\/2023\/03\/mototurismo11-300x169.jpg 300w, https:\/\/www.hoteleuropariva.it\/wp-content\/uploads\/2023\/03\/mototurismo11-768x432.jpg 768w, https:\/\/www.hoteleuropariva.it\/wp-content\/uploads\/2023\/03\/mototurismo11-1200x675.jpg 1200w, https:\/\/www.hoteleuropariva.it\/wp-content\/uploads\/2023\/03\/mototurismo11.jpg 1280w\" sizes=\"auto, (max-width: 1024px) 100vw, 1024px\" \/><\/figure>\n\n<\/div>\n\n<div class=\"grids-area\" style=\"--_ga-column:7\/13;--_ga-row:1\/2;--_ga-va:center;--_ga-m-desktop:0 0 0 0;--_ga-p-desktop:0px 0px 0px 30px;--_ga-bg-desktop:transparent none;--_ga-zi-desktop:auto;--_ga-d-desktop:flex;--_ga-mw-desktop:calc(100% - 0 - 0);--_ga-m-tablet:0 0 0 0;--_ga-p-tablet:0px 0px 0px 30px;--_ga-bg-tablet:transparent none;--_ga-zi-tablet:auto;--_ga-d-tablet:flex;--_ga-mw-tablet:calc(100% - 0 - 0);--_ga-m-mobile:0 0 0 0;--_ga-p-mobile:0px 15px 0px 15px;--_ga-bg-mobile:transparent none;--_ga-zi-mobile:auto;--_ga-d-mobile:flex;--_ga-mw-mobile:calc(100% - 0 - 0)\">\n\n<h3 class=\"wp-block-heading align-left-title\"><b><strong>Privilegierte Lage f\u00fcr Motorradtouren<\/strong><\/b><\/h3>\n\n\n\n<p><span style=\"font-weight: 400;\">Das Hotel liegt an der Piazza Catena im Herzen von Riva del Garda und blickt direkt auf den See. Von dieser <\/span><b>bevorzugten Lage<\/b><span style=\"font-weight: 400;\"> aus sind sowohl die Gesch\u00e4fte im Zentrum als auch die wundersch\u00f6nen <\/span><b>Naturwege<\/b><span style=\"font-weight: 400;\"> erreichbar, die man zu Fu\u00df oder mit dem Motorrad erkunden kann.<\/span><\/p>\n\n<\/div>\n<\/div><\/div>\n\n<div  class=\"grids-section grids-is-advanced alignwide\" style=\"--_gs-gap-desktop:0px 0px;--_gs-m-desktop:0 0 0 0;--_gs-p-desktop:0 0 0 0;--_gs-bg-desktop:transparent none;--_gs-bg-xp-desktop:0px;--_gs-zi-desktop:auto;--_gs-d-desktop:block;--_gs-mw-desktop:calc(100% - 0 - 0);--_gs-gap-tablet:0px 0px;--_gs-m-tablet:0 0 0 0;--_gs-p-tablet:0 0 0 0;--_gs-bg-tablet:transparent none;--_gs-bg-xp-tablet:0px;--_gs-zi-tablet:auto;--_gs-d-tablet:block;--_gs-mw-tablet:calc(100% - 0 - 0);--_gs-gap-mobile:0px 0px;--_gs-m-mobile:0 0 0 0;--_gs-p-mobile:0 0 0 0;--_gs-bg-mobile:transparent none;--_gs-bg-xp-mobile:0px;--_gs-zi-mobile:auto;--_gs-d-mobile:block;--_gs-mw-mobile:calc(100% - 0 - 0);--_gs-columns:12;--_gs-rows:6\"><div class=\"grids-s-w_i\">\n<div class=\"grids-area\" style=\"--_ga-column:7\/13;--_ga-row:1\/2;--_ga-va:center;--_ga-m-desktop:0 0 0 0;--_ga-p-desktop:5px 5px 5px 5px;--_ga-bg-desktop:transparent none;--_ga-zi-desktop:auto;--_ga-d-desktop:flex;--_ga-mw-desktop:calc(100% - 0 - 0);--_ga-m-tablet:0 0 0 0;--_ga-p-tablet:5px 5px 5px 5px;--_ga-bg-tablet:transparent none;--_ga-zi-tablet:auto;--_ga-d-tablet:flex;--_ga-mw-tablet:calc(100% - 0 - 0);--_ga-m-mobile:0 0 0 0;--_ga-p-mobile:5px 5px 5px 5px;--_ga-bg-mobile:transparent none;--_ga-zi-mobile:auto;--_ga-d-mobile:flex;--_ga-mw-mobile:calc(100% - 0 - 0)\">\n\n<figure class=\"wp-block-image size-large\"><img loading=\"lazy\" decoding=\"async\" width=\"1024\" height=\"683\" src=\"https:\/\/www.hoteleuropariva.it\/wp-content\/uploads\/2023\/03\/moto-1024x683.jpg\" alt=\"\" class=\"wp-image-5642\" srcset=\"https:\/\/www.hoteleuropariva.it\/wp-content\/uploads\/2023\/03\/moto-1024x683.jpg 1024w, https:\/\/www.hoteleuropariva.it\/wp-content\/uploads\/2023\/03\/moto-300x200.jpg 300w, https:\/\/www.hoteleuropariva.it\/wp-content\/uploads\/2023\/03\/moto-768x512.jpg 768w, https:\/\/www.hoteleuropariva.it\/wp-content\/uploads\/2023\/03\/moto-1536x1024.jpg 1536w, https:\/\/www.hoteleuropariva.it\/wp-content\/uploads\/2023\/03\/moto-1200x800.jpg 1200w, https:\/\/www.hoteleuropariva.it\/wp-content\/uploads\/2023\/03\/moto.jpg 1920w\" sizes=\"auto, (max-width: 1024px) 100vw, 1024px\" \/><\/figure>\n\n<\/div>\n\n<div class=\"grids-area\" style=\"--_ga-column:1\/7;--_ga-row:1\/2;--_ga-va:center;--_ga-m-desktop:0 0 0 0;--_ga-p-desktop:0px 30px 0px 0;--_ga-bg-desktop:transparent none;--_ga-zi-desktop:auto;--_ga-d-desktop:flex;--_ga-mw-desktop:calc(100% - 0 - 0);--_ga-m-tablet:0 0 0 0;--_ga-p-tablet:5px 5px 5px 5px;--_ga-bg-tablet:transparent none;--_ga-zi-tablet:auto;--_ga-d-tablet:flex;--_ga-mw-tablet:calc(100% - 0 - 0);--_ga-m-mobile:0 0 0 0;--_ga-p-mobile:5px 15px 5px 15px;--_ga-bg-mobile:transparent none;--_ga-zi-mobile:auto;--_ga-d-mobile:flex;--_ga-mw-mobile:calc(100% - 0 - 0)\">\n\n<h3 class=\"wp-block-heading align-left-title\"><b><strong>Unser Hotel ist Clubmitglied bei \u201eTrentino in Moto\u201c<\/strong><\/b><\/h3>\n\n\n\n<p><span style=\"font-weight: 400;\">Der Motorradclub \u201eTrentino in moto\u201c bietet Ihnen einen v\u00f6llig entspannten Urlaub und eine <\/span><b>Sondererm\u00e4\u00dfigung<\/b><span style=\"font-weight: 400;\"> (Code<\/span><b> GARDAMOTO21<\/b><span style=\"font-weight: 400;\">), der auch auf der Website des Vereins verf\u00fcgbar ist.<\/span><\/p>\n\n\n\n<p><span style=\"font-weight: 400;\">Aufgrund einer Sondervereinbarung mit <\/span><b>Ducati <\/b><span style=\"font-weight: 400;\">erhalten alle Clubmitglieder <\/span><b>in unserem Hotel<\/b> <b>5&nbsp;%<\/b><span style=\"font-weight: 400;\"> Rabatt.<\/span><\/p>\n\n<\/div>\n<\/div><\/div>\n\n<div  class=\"grids-section grids-is-advanced alignwide\" style=\"--_gs-gap-desktop:0px 0px;--_gs-m-desktop:0 0 0 0;--_gs-p-desktop:0 0 0 0;--_gs-bg-desktop:transparent none;--_gs-bg-xp-desktop:0px;--_gs-zi-desktop:auto;--_gs-d-desktop:block;--_gs-mw-desktop:calc(100% - 0 - 0);--_gs-gap-tablet:0px 0px;--_gs-m-tablet:0 0 0 0;--_gs-p-tablet:0 0 0 0;--_gs-bg-tablet:transparent none;--_gs-bg-xp-tablet:0px;--_gs-zi-tablet:auto;--_gs-d-tablet:block;--_gs-mw-tablet:calc(100% - 0 - 0);--_gs-gap-mobile:0px 0px;--_gs-m-mobile:0 0 0 0;--_gs-p-mobile:0 0 0 0;--_gs-bg-mobile:transparent none;--_gs-bg-xp-mobile:0px;--_gs-zi-mobile:auto;--_gs-d-mobile:block;--_gs-mw-mobile:calc(100% - 0 - 0);--_gs-columns:12;--_gs-rows:6\"><div class=\"grids-s-w_i\">\n<div class=\"grids-area\" style=\"--_ga-column:1\/7;--_ga-row:1\/2;--_ga-va:center;--_ga-m-desktop:0 0 0 0;--_ga-p-desktop:5px 5px 5px 5px;--_ga-bg-desktop:transparent none;--_ga-zi-desktop:auto;--_ga-d-desktop:flex;--_ga-mw-desktop:calc(100% - 0 - 0);--_ga-m-tablet:0 0 0 0;--_ga-p-tablet:5px 5px 5px 5px;--_ga-bg-tablet:transparent none;--_ga-zi-tablet:auto;--_ga-d-tablet:flex;--_ga-mw-tablet:calc(100% - 0 - 0);--_ga-m-mobile:0 0 0 0;--_ga-p-mobile:5px 5px 5px 5px;--_ga-bg-mobile:transparent none;--_ga-zi-mobile:auto;--_ga-d-mobile:flex;--_ga-mw-mobile:calc(100% - 0 - 0)\">\n\n<figure class=\"wp-block-image size-large\"><img loading=\"lazy\" decoding=\"async\" width=\"1024\" height=\"576\" src=\"https:\/\/www.hoteleuropariva.it\/wp-content\/uploads\/2023\/03\/mototurismo12-1024x576.jpg\" alt=\"\" class=\"wp-image-5647\" srcset=\"https:\/\/www.hoteleuropariva.it\/wp-content\/uploads\/2023\/03\/mototurismo12-1024x576.jpg 1024w, https:\/\/www.hoteleuropariva.it\/wp-content\/uploads\/2023\/03\/mototurismo12-300x169.jpg 300w, https:\/\/www.hoteleuropariva.it\/wp-content\/uploads\/2023\/03\/mototurismo12-768x432.jpg 768w, https:\/\/www.hoteleuropariva.it\/wp-content\/uploads\/2023\/03\/mototurismo12-1200x675.jpg 1200w, https:\/\/www.hoteleuropariva.it\/wp-content\/uploads\/2023\/03\/mototurismo12.jpg 1280w\" sizes=\"auto, (max-width: 1024px) 100vw, 1024px\" \/><\/figure>\n\n<\/div>\n\n<div class=\"grids-area\" style=\"--_ga-column:7\/13;--_ga-row:1\/2;--_ga-va:center;--_ga-m-desktop:0 0 0 0;--_ga-p-desktop:0px 0 0 30px;--_ga-bg-desktop:transparent none;--_ga-zi-desktop:auto;--_ga-d-desktop:flex;--_ga-mw-desktop:calc(100% - 0 - 0);--_ga-m-tablet:0 0 0 0;--_ga-p-tablet:0px 0px 0px 30px;--_ga-bg-tablet:transparent none;--_ga-zi-tablet:auto;--_ga-d-tablet:flex;--_ga-mw-tablet:calc(100% - 0 - 0);--_ga-m-mobile:0 0 0 0;--_ga-p-mobile:0px 15px 0px 15px;--_ga-bg-mobile:transparent none;--_ga-zi-mobile:auto;--_ga-d-mobile:flex;--_ga-mw-mobile:calc(100% - 0 - 0)\">\n\n<h3 class=\"wp-block-heading align-left-title\"><b><strong>Bequemer Motorrad-Parkplatz<\/strong><\/b><\/h3>\n\n\n\n<p><span style=\"font-weight: 400;\">Motorradfahrer k\u00f6nnen den <\/span><b>bequemen Privatparkplatz des Hotels<\/b><span style=\"font-weight: 400;\"> oder die nur 100 Meter entfernte Garage nutzen.<\/span><\/p>\n\n\n\n<div class=\"wp-block-buttons is-layout-flex wp-block-buttons-is-layout-flex\">\n<div class=\"wp-block-button\"><a class=\"wp-block-button__link wp-element-button\" href=\"\/de\/?page_id=1479\">PARKPLATZ<\/a><\/div>\n<\/div>\n\n<\/div>\n<\/div><\/div>\n\n\n<div class=\"conver-widget-v2\"\n     data-instance=\"conver-v2-2\">\n\n  <div class=\"chat-container\" id=\"chat-section\">\n\n    <div class=\"chat-header\">\n      <div class=\"chat-header-logo\">\n        <img decoding=\"async\"\n          src=\"https:\/\/www.hoteleuropariva.it\/wp-content\/themes\/jampaa\/template-parts\/ricerca-conversazionale-v2\/assets\/img\/logo-ricerca-conv.png\"\n          alt=\"\"\n        >\n        <span>Hallo<\/span>\n      <\/div>\n\n      <h2>Womit fangen wir an?<\/h2>\n    <\/div>\n\n    <!-- Chat -->\n    <div class=\"chat-box\"><\/div>\n\n    <!-- Loading -->\n    <div class=\"loading-conver hidden\" aria-hidden=\"true\">\n      <div class=\"dot\"><\/div><div class=\"dot\"><\/div><div class=\"dot\"><\/div>\n    <\/div>\n\n    <!-- Input -->\n    <div class=\"input-area-conver-wrapper\">\n      <div class=\"input-area-conver\">\n        <textarea\n          class=\"user-input-conver\"\n          placeholder=\"Stelle eine Frage...\"\n          rows=\"1\"\n        ><\/textarea>\n\n        <div class=\"box-btn-conver\">\n          <a class=\"send-btn-conver\" href=\"#\" role=\"button\" aria-label=\"AI Search\">\n            <i class=\"fa-light fa-magnifying-glass icon-search\" aria-hidden=\"true\"><\/i>\n            <i class=\"fa-regular fa-arrow-up icon-send hidden\" aria-hidden=\"true\"><\/i>\n            <span class=\"ai-search-text\">AI Search<\/span>\n          <\/a>\n\n          <i class=\"fa-light fa-close icon-erase hidden\" aria-hidden=\"true\"><\/i>\n        <\/div>\n      <\/div>\n    <\/div>\n    <span class=\"show-quick-questions hidden\">Zeige schnelle Fragen<\/span>\n\n    <!-- Domande rapide -->\n    <div class=\"entry-chats-wrapper\">\n      <button type=\"button\" class=\"entry-chat\" data-prompt=\"Ein Zimmer f\u00fcr zwei Personen buchen\">\n        Ein Zimmer f\u00fcr zwei Personen buchen      <\/button>\n\n      <button type=\"button\" class=\"entry-chat\" data-prompt=\"Sonderangebote entdecken\">\n        Sonderangebote entdecken      <\/button>\n\n      <button type=\"button\" class=\"entry-chat\" data-prompt=\"Zimmer entdecken\">\n        Zimmer entdecken      <\/button>\n\n      <button type=\"button\" class=\"entry-chat\" data-prompt=\"Entdecke den Sky Pool und das Wellnesscenter Ninfea\">\n        Entdecke den Sky Pool und das Wellnesscenter Ninfea      <\/button>\n    <\/div>\n\n  <\/div>\n<\/div>\n","protected":false},"excerpt":{"rendered":"","protected":false},"author":2,"featured_media":5644,"parent":0,"menu_order":0,"comment_status":"closed","ping_status":"closed","template":"","meta":{"_acf_changed":false,"advgb_blocks_editor_width":"","advgb_blocks_columns_visual_guide":"","footnotes":""},"class_list":["post-5636","page","type-page","status-publish","has-post-thumbnail","hentry"],"acf":[],"yoast_head":"<!-- This site is optimized with the Yoast SEO plugin v27.4 - https:\/\/yoast.com\/product\/yoast-seo-wordpress\/ -->\n<title>Trentino mit dem Motorrad | Hotel Europa in Riva del Garda<\/title>\n<meta name=\"description\" content=\"Das Hotel Europa - Sky Pool &amp; Panorama ist der ideale Start- und Zielpunkt f\u00fcr passionierte Motorradfahrer, die einen Urlaub am Gardasee genie\u00dfen m\u00f6chten.\" \/>\n<meta name=\"robots\" content=\"index, follow, max-snippet:-1, max-image-preview:large, max-video-preview:-1\" \/>\n<link rel=\"canonical\" href=\"https:\/\/www.hoteleuropariva.it\/de\/trentino-mit-dem-motorrad\/\" \/>\n<meta property=\"og:locale\" content=\"de_DE\" \/>\n<meta property=\"og:type\" content=\"article\" \/>\n<meta property=\"og:title\" content=\"Trentino mit dem Motorrad | Hotel Europa in Riva del Garda\" \/>\n<meta property=\"og:description\" content=\"Das Hotel Europa - Sky Pool &amp; Panorama ist der ideale Start- und Zielpunkt f\u00fcr passionierte Motorradfahrer, die einen Urlaub am Gardasee genie\u00dfen m\u00f6chten.\" \/>\n<meta property=\"og:url\" content=\"https:\/\/www.hoteleuropariva.it\/de\/trentino-mit-dem-motorrad\/\" \/>\n<meta property=\"og:site_name\" content=\"Hotel Europa\" \/>\n<meta property=\"article:modified_time\" content=\"2026-02-17T16:06:36+00:00\" \/>\n<meta property=\"og:image\" content=\"https:\/\/www.hoteleuropariva.it\/wp-content\/uploads\/2023\/03\/moto.jpg\" \/>\n\t<meta property=\"og:image:width\" content=\"1920\" \/>\n\t<meta property=\"og:image:height\" content=\"1280\" \/>\n\t<meta property=\"og:image:type\" content=\"image\/jpeg\" \/>\n<meta name=\"twitter:card\" content=\"summary_large_image\" \/>\n<meta name=\"twitter:label1\" content=\"Gesch\u00e4tzte Lesezeit\" \/>\n\t<meta name=\"twitter:data1\" content=\"2\u00a0Minuten\" \/>\n<script type=\"application\/ld+json\" class=\"yoast-schema-graph\">{\"@context\":\"https:\\\/\\\/schema.org\",\"@graph\":[{\"@type\":\"WebPage\",\"@id\":\"https:\\\/\\\/www.hoteleuropariva.it\\\/de\\\/trentino-mit-dem-motorrad\\\/\",\"url\":\"https:\\\/\\\/www.hoteleuropariva.it\\\/de\\\/trentino-mit-dem-motorrad\\\/\",\"name\":\"Trentino mit dem Motorrad | Hotel Europa in Riva del Garda\",\"isPartOf\":{\"@id\":\"https:\\\/\\\/www.hoteleuropariva.it\\\/de\\\/#website\"},\"primaryImageOfPage\":{\"@id\":\"https:\\\/\\\/www.hoteleuropariva.it\\\/de\\\/trentino-mit-dem-motorrad\\\/#primaryimage\"},\"image\":{\"@id\":\"https:\\\/\\\/www.hoteleuropariva.it\\\/de\\\/trentino-mit-dem-motorrad\\\/#primaryimage\"},\"thumbnailUrl\":\"https:\\\/\\\/www.hoteleuropariva.it\\\/wp-content\\\/uploads\\\/2023\\\/03\\\/moto.jpg\",\"datePublished\":\"2023-05-15T14:59:34+00:00\",\"dateModified\":\"2026-02-17T16:06:36+00:00\",\"description\":\"Das Hotel Europa - Sky Pool & Panorama ist der ideale Start- und Zielpunkt f\u00fcr passionierte Motorradfahrer, die einen Urlaub am Gardasee genie\u00dfen m\u00f6chten.\",\"inLanguage\":\"de\",\"potentialAction\":[{\"@type\":\"ReadAction\",\"target\":[\"https:\\\/\\\/www.hoteleuropariva.it\\\/de\\\/trentino-mit-dem-motorrad\\\/\"]}]},{\"@type\":\"ImageObject\",\"inLanguage\":\"de\",\"@id\":\"https:\\\/\\\/www.hoteleuropariva.it\\\/de\\\/trentino-mit-dem-motorrad\\\/#primaryimage\",\"url\":\"https:\\\/\\\/www.hoteleuropariva.it\\\/wp-content\\\/uploads\\\/2023\\\/03\\\/moto.jpg\",\"contentUrl\":\"https:\\\/\\\/www.hoteleuropariva.it\\\/wp-content\\\/uploads\\\/2023\\\/03\\\/moto.jpg\",\"width\":1920,\"height\":1280},{\"@type\":\"WebSite\",\"@id\":\"https:\\\/\\\/www.hoteleuropariva.it\\\/de\\\/#website\",\"url\":\"https:\\\/\\\/www.hoteleuropariva.it\\\/de\\\/\",\"name\":\"Hotel Europa\",\"description\":\"SkyPool &amp; Panorama | Riva del Garda\",\"publisher\":{\"@id\":\"https:\\\/\\\/www.hoteleuropariva.it\\\/de\\\/#organization\"},\"potentialAction\":[{\"@type\":\"SearchAction\",\"target\":{\"@type\":\"EntryPoint\",\"urlTemplate\":\"https:\\\/\\\/www.hoteleuropariva.it\\\/de\\\/?s={search_term_string}\"},\"query-input\":{\"@type\":\"PropertyValueSpecification\",\"valueRequired\":true,\"valueName\":\"search_term_string\"}}],\"inLanguage\":\"de\"},{\"@type\":\"Organization\",\"@id\":\"https:\\\/\\\/www.hoteleuropariva.it\\\/de\\\/#organization\",\"name\":\"Hotel Europa\",\"url\":\"https:\\\/\\\/www.hoteleuropariva.it\\\/de\\\/\",\"logo\":{\"@type\":\"ImageObject\",\"inLanguage\":\"de\",\"@id\":\"https:\\\/\\\/www.hoteleuropariva.it\\\/de\\\/#\\\/schema\\\/logo\\\/image\\\/\",\"url\":\"https:\\\/\\\/www.hoteleuropariva.it\\\/wp-content\\\/uploads\\\/2024\\\/02\\\/cropped-cropped-hotel-europa-logo-negativo.png\",\"contentUrl\":\"https:\\\/\\\/www.hoteleuropariva.it\\\/wp-content\\\/uploads\\\/2024\\\/02\\\/cropped-cropped-hotel-europa-logo-negativo.png\",\"width\":700,\"height\":143,\"caption\":\"Hotel Europa\"},\"image\":{\"@id\":\"https:\\\/\\\/www.hoteleuropariva.it\\\/de\\\/#\\\/schema\\\/logo\\\/image\\\/\"}}]}<\/script>\n<!-- \/ Yoast SEO plugin. -->","yoast_head_json":{"title":"Trentino mit dem Motorrad | Hotel Europa in Riva del Garda","description":"Das Hotel Europa - Sky Pool & Panorama ist der ideale Start- und Zielpunkt f\u00fcr passionierte Motorradfahrer, die einen Urlaub am Gardasee genie\u00dfen m\u00f6chten.","robots":{"index":"index","follow":"follow","max-snippet":"max-snippet:-1","max-image-preview":"max-image-preview:large","max-video-preview":"max-video-preview:-1"},"canonical":"https:\/\/www.hoteleuropariva.it\/de\/trentino-mit-dem-motorrad\/","og_locale":"de_DE","og_type":"article","og_title":"Trentino mit dem Motorrad | Hotel Europa in Riva del Garda","og_description":"Das Hotel Europa - Sky Pool & Panorama ist der ideale Start- und Zielpunkt f\u00fcr passionierte Motorradfahrer, die einen Urlaub am Gardasee genie\u00dfen m\u00f6chten.","og_url":"https:\/\/www.hoteleuropariva.it\/de\/trentino-mit-dem-motorrad\/","og_site_name":"Hotel Europa","article_modified_time":"2026-02-17T16:06:36+00:00","og_image":[{"width":1920,"height":1280,"url":"https:\/\/www.hoteleuropariva.it\/wp-content\/uploads\/2023\/03\/moto.jpg","type":"image\/jpeg"}],"twitter_card":"summary_large_image","twitter_misc":{"Gesch\u00e4tzte Lesezeit":"2\u00a0Minuten"},"schema":{"@context":"https:\/\/schema.org","@graph":[{"@type":"WebPage","@id":"https:\/\/www.hoteleuropariva.it\/de\/trentino-mit-dem-motorrad\/","url":"https:\/\/www.hoteleuropariva.it\/de\/trentino-mit-dem-motorrad\/","name":"Trentino mit dem Motorrad | Hotel Europa in Riva del Garda","isPartOf":{"@id":"https:\/\/www.hoteleuropariva.it\/de\/#website"},"primaryImageOfPage":{"@id":"https:\/\/www.hoteleuropariva.it\/de\/trentino-mit-dem-motorrad\/#primaryimage"},"image":{"@id":"https:\/\/www.hoteleuropariva.it\/de\/trentino-mit-dem-motorrad\/#primaryimage"},"thumbnailUrl":"https:\/\/www.hoteleuropariva.it\/wp-content\/uploads\/2023\/03\/moto.jpg","datePublished":"2023-05-15T14:59:34+00:00","dateModified":"2026-02-17T16:06:36+00:00","description":"Das Hotel Europa - Sky Pool & Panorama ist der ideale Start- und Zielpunkt f\u00fcr passionierte Motorradfahrer, die einen Urlaub am Gardasee genie\u00dfen m\u00f6chten.","inLanguage":"de","potentialAction":[{"@type":"ReadAction","target":["https:\/\/www.hoteleuropariva.it\/de\/trentino-mit-dem-motorrad\/"]}]},{"@type":"ImageObject","inLanguage":"de","@id":"https:\/\/www.hoteleuropariva.it\/de\/trentino-mit-dem-motorrad\/#primaryimage","url":"https:\/\/www.hoteleuropariva.it\/wp-content\/uploads\/2023\/03\/moto.jpg","contentUrl":"https:\/\/www.hoteleuropariva.it\/wp-content\/uploads\/2023\/03\/moto.jpg","width":1920,"height":1280},{"@type":"WebSite","@id":"https:\/\/www.hoteleuropariva.it\/de\/#website","url":"https:\/\/www.hoteleuropariva.it\/de\/","name":"Hotel Europa","description":"SkyPool &amp; Panorama | Riva del Garda","publisher":{"@id":"https:\/\/www.hoteleuropariva.it\/de\/#organization"},"potentialAction":[{"@type":"SearchAction","target":{"@type":"EntryPoint","urlTemplate":"https:\/\/www.hoteleuropariva.it\/de\/?s={search_term_string}"},"query-input":{"@type":"PropertyValueSpecification","valueRequired":true,"valueName":"search_term_string"}}],"inLanguage":"de"},{"@type":"Organization","@id":"https:\/\/www.hoteleuropariva.it\/de\/#organization","name":"Hotel Europa","url":"https:\/\/www.hoteleuropariva.it\/de\/","logo":{"@type":"ImageObject","inLanguage":"de","@id":"https:\/\/www.hoteleuropariva.it\/de\/#\/schema\/logo\/image\/","url":"https:\/\/www.hoteleuropariva.it\/wp-content\/uploads\/2024\/02\/cropped-cropped-hotel-europa-logo-negativo.png","contentUrl":"https:\/\/www.hoteleuropariva.it\/wp-content\/uploads\/2024\/02\/cropped-cropped-hotel-europa-logo-negativo.png","width":700,"height":143,"caption":"Hotel Europa"},"image":{"@id":"https:\/\/www.hoteleuropariva.it\/de\/#\/schema\/logo\/image\/"}}]}},"coauthors":[],"author_meta":{"author_link":"https:\/\/www.hoteleuropariva.it\/de\/author\/hotel-europa\/","display_name":"Promoservice"},"relative_dates":{"created":"Posted 3\u00a0Jahren ago","modified":"Updated 2\u00a0Monaten ago"},"absolute_dates":{"created":"Posted on 15. Mai 2023","modified":"Updated on 17. Februar 2026"},"absolute_dates_time":{"created":"Posted on 15. Mai 2023 16:59","modified":"Updated on 17. Februar 2026 17:06"},"featured_img_caption":"","featured_img":"https:\/\/www.hoteleuropariva.it\/wp-content\/uploads\/2023\/03\/moto-1200x800.jpg","series_order":"","_links":{"self":[{"href":"https:\/\/www.hoteleuropariva.it\/de\/wp-json\/wp\/v2\/pages\/5636","targetHints":{"allow":["GET"]}}],"collection":[{"href":"https:\/\/www.hoteleuropariva.it\/de\/wp-json\/wp\/v2\/pages"}],"about":[{"href":"https:\/\/www.hoteleuropariva.it\/de\/wp-json\/wp\/v2\/types\/page"}],"author":[{"embeddable":true,"href":"https:\/\/www.hoteleuropariva.it\/de\/wp-json\/wp\/v2\/users\/2"}],"replies":[{"embeddable":true,"href":"https:\/\/www.hoteleuropariva.it\/de\/wp-json\/wp\/v2\/comments?post=5636"}],"version-history":[{"count":2,"href":"https:\/\/www.hoteleuropariva.it\/de\/wp-json\/wp\/v2\/pages\/5636\/revisions"}],"predecessor-version":[{"id":10479,"href":"https:\/\/www.hoteleuropariva.it\/de\/wp-json\/wp\/v2\/pages\/5636\/revisions\/10479"}],"wp:featuredmedia":[{"embeddable":true,"href":"https:\/\/www.hoteleuropariva.it\/de\/wp-json\/wp\/v2\/media\/5644"}],"wp:attachment":[{"href":"https:\/\/www.hoteleuropariva.it\/de\/wp-json\/wp\/v2\/media?parent=5636"}],"curies":[{"name":"wp","href":"https:\/\/api.w.org\/{rel}","templated":true}]}}