{"id":5593,"date":"2023-05-15T16:58:09","date_gmt":"2023-05-15T14:58:09","guid":{"rendered":"https:\/\/www.hoteleuropariva.it\/?page_id=5593"},"modified":"2026-02-17T16:51:34","modified_gmt":"2026-02-17T15:51:34","slug":"fahrraddepot","status":"publish","type":"page","link":"https:\/\/www.hoteleuropariva.it\/de\/fahrraddepot\/","title":{"rendered":"Fahrraddepot"},"content":{"rendered":"<div  class=\"grids-section grids-is-advanced alignwide\" style=\"--_gs-gap-desktop:0px 0px;--_gs-m-desktop:0px 0 0px 0;--_gs-p-desktop:0 0 0 0;--_gs-bg-desktop:transparent none;--_gs-bg-xp-desktop:0px;--_gs-zi-desktop:1;--_gs-d-desktop:block;--_gs-mw-desktop:calc(100% - 0 - 0);--_gs-gap-tablet:0px 0px;--_gs-m-tablet:0px 0 0px 0;--_gs-p-tablet:0 0 0 0;--_gs-bg-tablet:transparent none;--_gs-bg-xp-tablet:0px;--_gs-zi-tablet:1;--_gs-d-tablet:block;--_gs-mw-tablet:calc(100% - 0 - 0);--_gs-gap-mobile:0px 0px;--_gs-m-mobile:0px 0 0px 0;--_gs-p-mobile:0 0 0 0;--_gs-bg-mobile:#ffffff none;--_gs-bg-xp-mobile:0px;--_gs-zi-mobile:1;--_gs-d-mobile:block;--_gs-mw-mobile:calc(100% - 0 - 0);--_gs-columns:12;--_gs-rows:6\"><div class=\"grids-s-w_i\">\n<div class=\"grids-area\" style=\"--_ga-column:1\/7;--_ga-row:1\/2;--_ga-m-desktop:0 15px 0 0;--_ga-p-desktop:0 60px 0 0;--_ga-bg-desktop:transparent none;--_ga-zi-desktop:auto;--_ga-d-desktop:flex;--_ga-mw-desktop:calc(100% - 0 - 15px);--_ga-m-tablet:0 15px 0 0;--_ga-p-tablet:20px 20px 20px 20px;--_ga-bg-tablet:transparent none;--_ga-zi-tablet:auto;--_ga-d-tablet:flex;--_ga-mw-tablet:calc(100% - 0 - 15px);--_ga-m-mobile:0 15px 0 0;--_ga-p-mobile:20px 20px 20px 20px;--_ga-bg-mobile:transparent none;--_ga-zi-mobile:auto;--_ga-d-mobile:flex;--_ga-mw-mobile:calc(100% - 0 - 15px)\">\n\n<div style=\"height:14px\" aria-hidden=\"true\" class=\"wp-block-spacer\"><\/div>\n\n\n\n<div style=\"height:15px\" aria-hidden=\"true\" class=\"wp-block-spacer\"><\/div>\n\n\n\n<p class=\"small uppercase has-normal-font-size\"><i><span style=\"font-weight: 400;\">EIN SICHERER STELLPLATZ F\u00dcR IHR FAHRRAD<\/span><\/i><\/p>\n\n\n\n<h2 class=\"wp-block-heading\"><b>Fahrraddepot<\/b><\/h2>\n\n\n\n<p><span style=\"font-weight: 400;\">Das Hotel Europa geht als fahrradfahrerfreundliches Hotel nat\u00fcrlich auf die <\/span><b>Bed\u00fcrfnisse der Radfahrer<\/b><span style=\"font-weight: 400;\"> ein.<\/span><\/p>\n\n\n\n<p><span style=\"font-weight: 400;\">Das Hotel ist <\/span><b>strategisch g\u00fcnstig<\/b><span style=\"font-weight: 400;\"> im Zentrum von Riva del Garda <\/span><b>gelegen<\/b><span style=\"font-weight: 400;\">. Den Radfahrern bietet sich hier die M\u00f6glichkeit, <\/span><b>die Radwege entlang des Sees<\/b><span style=\"font-weight: 400;\"> zu fahren oder die Umgebung zu erkunden und Riva, Torbole, Linfano und Arco zu besuchen.<\/span><\/p>\n\n<\/div>\n\n<div class=\"grids-area\" style=\"--_ga-column:7\/13;--_ga-row:1\/2;--_ga-va:center;--_ga-m-desktop:0 0 0 0;--_ga-p-desktop:0 0 0 0;--_ga-bg-desktop:transparent none;--_ga-zi-desktop:auto;--_ga-d-desktop:flex;--_ga-mw-desktop:calc(100% - 0 - 0);--_ga-m-tablet:0 0 0 0;--_ga-p-tablet:0 0 0 0;--_ga-bg-tablet:transparent none;--_ga-zi-tablet:auto;--_ga-d-tablet:flex;--_ga-mw-tablet:calc(100% - 0 - 0);--_ga-m-mobile:0 0 0 0;--_ga-p-mobile:0 0 0 0;--_ga-bg-mobile:transparent none;--_ga-zi-mobile:auto;--_ga-d-mobile:flex;--_ga-mw-mobile:calc(100% - 0 - 0)\">\n\n<div class=\"wp-block-advgb-images-slider advgb-images-slider-block advg-images-slider-b0a785e2-33d7-48b4-a905-f910737ddf51\"><div class=\"advgb-images-slider\" dir=\"ltr\"><div class=\"advgb-image-slider-item\"><img decoding=\"async\" src=\"https:\/\/www.hoteleuropariva.it\/wp-content\/uploads\/2023\/03\/bici-3.jpg\" class=\"advgb-image-slider-img\" alt=\"\" style=\"width:100%;height:auto\"\/><div class=\"advgb-image-slider-item-info\" style=\"justify-content:center;align-items:center\"><\/div><\/div><div class=\"advgb-image-slider-item\"><img decoding=\"async\" src=\"https:\/\/www.hoteleuropariva.it\/wp-content\/uploads\/2023\/04\/BIKE3.jpg\" class=\"advgb-image-slider-img\" alt=\"\" style=\"width:100%;height:auto\"\/><div class=\"advgb-image-slider-item-info\" style=\"justify-content:center;align-items:center\"><\/div><\/div><div class=\"advgb-image-slider-item\"><img decoding=\"async\" src=\"https:\/\/www.hoteleuropariva.it\/wp-content\/uploads\/2023\/04\/BIKE2.jpg\" class=\"advgb-image-slider-img\" alt=\"\" style=\"width:100%;height:auto\"\/><div class=\"advgb-image-slider-item-info\" style=\"justify-content:center;align-items:center\"><\/div><\/div><div class=\"advgb-image-slider-item\"><img decoding=\"async\" src=\"https:\/\/www.hoteleuropariva.it\/wp-content\/uploads\/2023\/04\/BIKE1.jpg\" class=\"advgb-image-slider-img\" alt=\"\" style=\"width:100%;height:auto\"\/><div class=\"advgb-image-slider-item-info\" style=\"justify-content:center;align-items:center\"><\/div><\/div><\/div><\/div>\n\n<\/div>\n<\/div><\/div>\n\n<div  class=\"grids-section grids-is-advanced alignfull\" style=\"--_gs-gap-desktop:0px 0px;--_gs-m-desktop:0px 0 0 0;--_gs-p-desktop:0 0 0 0;--_gs-bg-desktop:transparent none;--_gs-bg-xp-desktop:0px;--_gs-zi-desktop:auto;--_gs-d-desktop:block;--_gs-mw-desktop:calc(100% - 0 - 0);--_gs-gap-tablet:0px 0px;--_gs-m-tablet:0px 0 0 0;--_gs-p-tablet:0 0 0 0;--_gs-bg-tablet:transparent none;--_gs-bg-xp-tablet:0px;--_gs-zi-tablet:auto;--_gs-d-tablet:block;--_gs-mw-tablet:calc(100% - 0 - 0);--_gs-gap-mobile:0px 0px;--_gs-m-mobile:0px 0 -250px 0;--_gs-p-mobile:0 0 0 0;--_gs-bg-mobile:transparent none;--_gs-bg-xp-mobile:0px;--_gs-zi-mobile:auto;--_gs-d-mobile:block;--_gs-mw-mobile:calc(100% - 0 - 0);--_gs-columns:12;--_gs-rows:6\"><div class=\"grids-s-w_i\">\n<div class=\"grids-area\" style=\"--_ga-column:1\/13;--_ga-row:1\/4;--_ga-m-desktop:0 0 0 0;--_ga-p-desktop:0 0 0 0;--_ga-bg-desktop:transparent url(https:\/\/www.hoteleuropariva.it\/wp-content\/uploads\/2023\/03\/bici-1.jpg) no-repeat 50% 50%  \/ cover;--_ga-zi-desktop:auto;--_ga-d-desktop:flex;--_ga-mw-desktop:calc(100% - 0 - 0);--_ga-m-tablet:0 0 0 0;--_ga-p-tablet:0 0 0 0;--_ga-bg-tablet:transparent url(https:\/\/www.hoteleuropariva.it\/wp-content\/uploads\/2023\/03\/bici-1.jpg) no-repeat 50% 50%  \/ cover;--_ga-zi-tablet:auto;--_ga-d-tablet:flex;--_ga-mw-tablet:calc(100% - 0 - 0);--_ga-m-mobile:0 0 0 0;--_ga-p-mobile:0 0 0 0;--_ga-bg-mobile:transparent url(https:\/\/www.hoteleuropariva.it\/wp-content\/uploads\/2023\/03\/bici-1.jpg) no-repeat 50% 50%  \/ cover;--_ga-zi-mobile:auto;--_ga-d-mobile:flex;--_ga-mw-mobile:calc(100% - 0 - 0)\">\n\n<div style=\"height:100px\" aria-hidden=\"true\" class=\"wp-block-spacer\"><\/div>\n\n<\/div>\n\n<div class=\"grids-area\" style=\"--_ga-column:6\/12;--_ga-row:2\/3;--_ga-va:center;--_ga-m-desktop:0 0 0 0;--_ga-p-desktop:40px 40px 40px 40px;--_ga-bg-desktop:#ffffff none;--_ga-zi-desktop:auto;--_ga-d-desktop:flex;--_ga-mw-desktop:calc(100% - 0 - 0);--_ga-m-tablet:0 0 0 0;--_ga-p-tablet:40px 40px 40px 40px;--_ga-bg-tablet:#ffffff none;--_ga-zi-tablet:auto;--_ga-d-tablet:flex;--_ga-mw-tablet:calc(100% - 0 - 0);--_ga-m-mobile:0 30px 0 30px;--_ga-p-mobile:40px 12px 12px 12px;--_ga-bg-mobile:#ffffff none;--_ga-zi-mobile:auto;--_ga-d-mobile:flex;--_ga-mw-mobile:calc(100% - 30px - 30px)\">\n\n<p class=\"has-normal-font-size\" style=\"font-style:normal;font-weight:300\"><i><span style=\"font-weight: 400;\">F\u00fcr Hotelg\u00e4ste ist der BikeLock-Service kostenlos<\/span><\/i><\/p>\n\n\n\n<p class=\"has-larger-font-size\"><b>Fahrraddepot<\/b><\/p>\n\n\n\n<p>Das Hotel Europa verf\u00fcgt \u00fcber einen video\u00fcberwachten Abstellbereich f\u00fcr die Fahrr\u00e4der der Hotelg\u00e4ste.<\/p>\n\n\n\n<p>In weniger als 100 m Entfernung vom Hotel erwarten Sie:<\/p>\n\n\n\n<p>\u00b7&nbsp; &nbsp; &nbsp; <b>54 Fahrrad-Stellpl\u00e4tze<\/b><\/p>\n\n\n\n<p>\u00b7&nbsp; &nbsp; &nbsp; <span style=\"font-weight: 400;\">Sicherer, <\/span><b>video\u00fcberwachter<\/b><span style=\"font-weight: 400;\"> Bereich<\/span><\/p>\n\n\n\n<p>\u00b7&nbsp; &nbsp; &nbsp; <span style=\"font-weight: 400;\">Kleine<\/span><b> Werkst\u00e4tte <\/b><span style=\"font-weight: 400;\">f\u00fcr die Wartung und Reinigung von Fahrr\u00e4dern<\/span><\/p>\n\n\n\n<p>\u00b7&nbsp; &nbsp; &nbsp; <b>Ladestation <\/b><span style=\"font-weight: 400;\">f\u00fcr<\/span> <span style=\"font-weight: 400;\">E-Bikes<\/span><\/p>\n\n\n\n<p><span style=\"font-weight: 400;\">Sie h\u00e4tten gerne ein paar Vorschl\u00e4ge f\u00fcr die sch\u00f6nsten <\/span><b>Fahrradrouten<\/b><span style=\"font-weight: 400;\">?<\/span><\/p>\n\n\n\n<p>Werfen Sie einen Blick auf unsere Favoriten!<\/p>\n\n\n\n<div class=\"wp-block-buttons is-layout-flex wp-block-buttons-is-layout-flex\">\n<div class=\"wp-block-button\"><a class=\"wp-block-button__link wp-element-button\" href=\"\/de\/?page_id=3587\">ZU DEN FAHRRADROUTEN<\/a><\/div>\n<\/div>\n\n<\/div>\n\n<div class=\"grids-area\" style=\"--_ga-column:1\/13;--_ga-row:1\/2;--_ga-m-desktop:0 0 0 0;--_ga-p-desktop:0 0 0 0;--_ga-bg-desktop:transparent none;--_ga-zi-desktop:auto;--_ga-d-desktop:flex;--_ga-mw-desktop:calc(100% - 0 - 0);--_ga-m-tablet:0 0 0 0;--_ga-p-tablet:0 0 0 0;--_ga-bg-tablet:transparent none;--_ga-zi-tablet:auto;--_ga-d-tablet:flex;--_ga-mw-tablet:calc(100% - 0 - 0);--_ga-m-mobile:0 0 0 0;--_ga-p-mobile:0 0 0 0;--_ga-bg-mobile:transparent none;--_ga-zi-mobile:auto;--_ga-d-mobile:flex;--_ga-mw-mobile:calc(100% - 0 - 0)\">\n\n<div style=\"height:100px\" aria-hidden=\"true\" class=\"wp-block-spacer padding-fascia\"><\/div>\n\n<\/div>\n\n<div class=\"grids-area\" style=\"--_ga-column:1\/13;--_ga-row:3\/4;--_ga-m-desktop:0 0 0 0;--_ga-p-desktop:0 0 0 0;--_ga-bg-desktop:transparent none;--_ga-zi-desktop:auto;--_ga-d-desktop:flex;--_ga-mw-desktop:calc(100% - 0 - 0);--_ga-m-tablet:0 0 0 0;--_ga-p-tablet:0 0 0 0;--_ga-bg-tablet:transparent none;--_ga-zi-tablet:auto;--_ga-d-tablet:flex;--_ga-mw-tablet:calc(100% - 0 - 0);--_ga-m-mobile:0 0 0 0;--_ga-p-mobile:0 0 0 0;--_ga-bg-mobile:transparent none;--_ga-zi-mobile:auto;--_ga-d-mobile:flex;--_ga-mw-mobile:calc(100% - 0 - 0)\">\n\n<div style=\"height:100px\" aria-hidden=\"true\" class=\"wp-block-spacer padding-fascia\"><\/div>\n\n<\/div>\n<\/div><\/div>\n\n\n<div class=\"conver-widget-v2\"\n     data-instance=\"conver-v2-2\">\n\n  <div class=\"chat-container\" id=\"chat-section\">\n\n    <div class=\"chat-header\">\n      <div class=\"chat-header-logo\">\n        <img decoding=\"async\"\n          src=\"https:\/\/www.hoteleuropariva.it\/wp-content\/themes\/jampaa\/template-parts\/ricerca-conversazionale-v2\/assets\/img\/logo-ricerca-conv.png\"\n          alt=\"\"\n        >\n        <span>Hallo<\/span>\n      <\/div>\n\n      <h2>Womit fangen wir an?<\/h2>\n    <\/div>\n\n    <!-- Chat -->\n    <div class=\"chat-box\"><\/div>\n\n    <!-- Loading -->\n    <div class=\"loading-conver hidden\" aria-hidden=\"true\">\n      <div class=\"dot\"><\/div><div class=\"dot\"><\/div><div class=\"dot\"><\/div>\n    <\/div>\n\n    <!-- Input -->\n    <div class=\"input-area-conver-wrapper\">\n      <div class=\"input-area-conver\">\n        <textarea\n          class=\"user-input-conver\"\n          placeholder=\"Stelle eine Frage...\"\n          rows=\"1\"\n        ><\/textarea>\n\n        <div class=\"box-btn-conver\">\n          <a class=\"send-btn-conver\" href=\"#\" role=\"button\" aria-label=\"AI Search\">\n            <i class=\"fa-light fa-magnifying-glass icon-search\" aria-hidden=\"true\"><\/i>\n            <i class=\"fa-regular fa-arrow-up icon-send hidden\" aria-hidden=\"true\"><\/i>\n            <span class=\"ai-search-text\">AI Search<\/span>\n          <\/a>\n\n          <i class=\"fa-light fa-close icon-erase hidden\" aria-hidden=\"true\"><\/i>\n        <\/div>\n      <\/div>\n    <\/div>\n    <span class=\"show-quick-questions hidden\">Zeige schnelle Fragen<\/span>\n\n    <!-- Domande rapide -->\n    <div class=\"entry-chats-wrapper\">\n      <button type=\"button\" class=\"entry-chat\" data-prompt=\"Ein Zimmer f\u00fcr zwei Personen buchen\">\n        Ein Zimmer f\u00fcr zwei Personen buchen      <\/button>\n\n      <button type=\"button\" class=\"entry-chat\" data-prompt=\"Sonderangebote entdecken\">\n        Sonderangebote entdecken      <\/button>\n\n      <button type=\"button\" class=\"entry-chat\" data-prompt=\"Zimmer entdecken\">\n        Zimmer entdecken      <\/button>\n\n      <button type=\"button\" class=\"entry-chat\" data-prompt=\"Entdecke den Sky Pool und das Wellnesscenter Ninfea\">\n        Entdecke den Sky Pool und das Wellnesscenter Ninfea      <\/button>\n    <\/div>\n\n  <\/div>\n<\/div>\n","protected":false},"excerpt":{"rendered":"","protected":false},"author":2,"featured_media":5606,"parent":0,"menu_order":0,"comment_status":"closed","ping_status":"closed","template":"templates\/template-full-width.php","meta":{"_acf_changed":false,"advgb_blocks_editor_width":"","advgb_blocks_columns_visual_guide":"","footnotes":""},"class_list":["post-5593","page","type-page","status-publish","has-post-thumbnail","hentry"],"acf":[],"yoast_head":"<!-- This site is optimized with the Yoast SEO plugin v26.9 - https:\/\/yoast.com\/product\/yoast-seo-wordpress\/ -->\n<title>Radfahrerhotel, Fahrraddepot | Hotel Europa Riva del Garda<\/title>\n<meta name=\"description\" content=\"54 Fahrrad-Abstellpl\u00e4tze in weniger als 100 m Entfernung vom Hotel Europa in Riva del Garda.\" \/>\n<meta name=\"robots\" content=\"index, follow, max-snippet:-1, max-image-preview:large, max-video-preview:-1\" \/>\n<link rel=\"canonical\" href=\"https:\/\/www.hoteleuropariva.it\/de\/fahrraddepot\/\" \/>\n<meta property=\"og:locale\" content=\"de_DE\" \/>\n<meta property=\"og:type\" content=\"article\" \/>\n<meta property=\"og:title\" content=\"Radfahrerhotel, Fahrraddepot | Hotel Europa Riva del Garda\" \/>\n<meta property=\"og:description\" content=\"54 Fahrrad-Abstellpl\u00e4tze in weniger als 100 m Entfernung vom Hotel Europa in Riva del Garda.\" \/>\n<meta property=\"og:url\" content=\"https:\/\/www.hoteleuropariva.it\/de\/fahrraddepot\/\" \/>\n<meta property=\"og:site_name\" content=\"Hotel Europa\" \/>\n<meta property=\"article:modified_time\" content=\"2026-02-17T15:51:34+00:00\" \/>\n<meta property=\"og:image\" content=\"https:\/\/www.hoteleuropariva.it\/wp-content\/uploads\/2023\/03\/bici-3.jpg\" \/>\n\t<meta property=\"og:image:width\" content=\"1000\" \/>\n\t<meta property=\"og:image:height\" content=\"666\" \/>\n\t<meta property=\"og:image:type\" content=\"image\/jpeg\" \/>\n<meta name=\"twitter:card\" content=\"summary_large_image\" \/>\n<meta name=\"twitter:label1\" content=\"Gesch\u00e4tzte Lesezeit\" \/>\n\t<meta name=\"twitter:data1\" content=\"2\u00a0Minuten\" \/>\n<script type=\"application\/ld+json\" class=\"yoast-schema-graph\">{\"@context\":\"https:\/\/schema.org\",\"@graph\":[{\"@type\":\"WebPage\",\"@id\":\"https:\/\/www.hoteleuropariva.it\/de\/fahrraddepot\/\",\"url\":\"https:\/\/www.hoteleuropariva.it\/de\/fahrraddepot\/\",\"name\":\"Radfahrerhotel, Fahrraddepot | Hotel Europa Riva del Garda\",\"isPartOf\":{\"@id\":\"https:\/\/www.hoteleuropariva.it\/de\/#website\"},\"primaryImageOfPage\":{\"@id\":\"https:\/\/www.hoteleuropariva.it\/de\/fahrraddepot\/#primaryimage\"},\"image\":{\"@id\":\"https:\/\/www.hoteleuropariva.it\/de\/fahrraddepot\/#primaryimage\"},\"thumbnailUrl\":\"https:\/\/www.hoteleuropariva.it\/wp-content\/uploads\/2023\/03\/bici-3.jpg\",\"datePublished\":\"2023-05-15T14:58:09+00:00\",\"dateModified\":\"2026-02-17T15:51:34+00:00\",\"description\":\"54 Fahrrad-Abstellpl\u00e4tze in weniger als 100 m Entfernung vom Hotel Europa in Riva del Garda.\",\"inLanguage\":\"de\",\"potentialAction\":[{\"@type\":\"ReadAction\",\"target\":[\"https:\/\/www.hoteleuropariva.it\/de\/fahrraddepot\/\"]}]},{\"@type\":\"ImageObject\",\"inLanguage\":\"de\",\"@id\":\"https:\/\/www.hoteleuropariva.it\/de\/fahrraddepot\/#primaryimage\",\"url\":\"https:\/\/www.hoteleuropariva.it\/wp-content\/uploads\/2023\/03\/bici-3.jpg\",\"contentUrl\":\"https:\/\/www.hoteleuropariva.it\/wp-content\/uploads\/2023\/03\/bici-3.jpg\",\"width\":1000,\"height\":666},{\"@type\":\"WebSite\",\"@id\":\"https:\/\/www.hoteleuropariva.it\/de\/#website\",\"url\":\"https:\/\/www.hoteleuropariva.it\/de\/\",\"name\":\"Hotel Europa\",\"description\":\"SkyPool &amp; Panorama | Riva del Garda\",\"publisher\":{\"@id\":\"https:\/\/www.hoteleuropariva.it\/de\/#organization\"},\"potentialAction\":[{\"@type\":\"SearchAction\",\"target\":{\"@type\":\"EntryPoint\",\"urlTemplate\":\"https:\/\/www.hoteleuropariva.it\/de\/?s={search_term_string}\"},\"query-input\":{\"@type\":\"PropertyValueSpecification\",\"valueRequired\":true,\"valueName\":\"search_term_string\"}}],\"inLanguage\":\"de\"},{\"@type\":\"Organization\",\"@id\":\"https:\/\/www.hoteleuropariva.it\/de\/#organization\",\"name\":\"Hotel Europa\",\"url\":\"https:\/\/www.hoteleuropariva.it\/de\/\",\"logo\":{\"@type\":\"ImageObject\",\"inLanguage\":\"de\",\"@id\":\"https:\/\/www.hoteleuropariva.it\/de\/#\/schema\/logo\/image\/\",\"url\":\"https:\/\/www.hoteleuropariva.it\/wp-content\/uploads\/2024\/02\/cropped-cropped-hotel-europa-logo-negativo.png\",\"contentUrl\":\"https:\/\/www.hoteleuropariva.it\/wp-content\/uploads\/2024\/02\/cropped-cropped-hotel-europa-logo-negativo.png\",\"width\":700,\"height\":143,\"caption\":\"Hotel Europa\"},\"image\":{\"@id\":\"https:\/\/www.hoteleuropariva.it\/de\/#\/schema\/logo\/image\/\"}}]}<\/script>\n<!-- \/ Yoast SEO plugin. -->","yoast_head_json":{"title":"Radfahrerhotel, Fahrraddepot | Hotel Europa Riva del Garda","description":"54 Fahrrad-Abstellpl\u00e4tze in weniger als 100 m Entfernung vom Hotel Europa in Riva del Garda.","robots":{"index":"index","follow":"follow","max-snippet":"max-snippet:-1","max-image-preview":"max-image-preview:large","max-video-preview":"max-video-preview:-1"},"canonical":"https:\/\/www.hoteleuropariva.it\/de\/fahrraddepot\/","og_locale":"de_DE","og_type":"article","og_title":"Radfahrerhotel, Fahrraddepot | Hotel Europa Riva del Garda","og_description":"54 Fahrrad-Abstellpl\u00e4tze in weniger als 100 m Entfernung vom Hotel Europa in Riva del Garda.","og_url":"https:\/\/www.hoteleuropariva.it\/de\/fahrraddepot\/","og_site_name":"Hotel Europa","article_modified_time":"2026-02-17T15:51:34+00:00","og_image":[{"width":1000,"height":666,"url":"https:\/\/www.hoteleuropariva.it\/wp-content\/uploads\/2023\/03\/bici-3.jpg","type":"image\/jpeg"}],"twitter_card":"summary_large_image","twitter_misc":{"Gesch\u00e4tzte Lesezeit":"2\u00a0Minuten"},"schema":{"@context":"https:\/\/schema.org","@graph":[{"@type":"WebPage","@id":"https:\/\/www.hoteleuropariva.it\/de\/fahrraddepot\/","url":"https:\/\/www.hoteleuropariva.it\/de\/fahrraddepot\/","name":"Radfahrerhotel, Fahrraddepot | Hotel Europa Riva del Garda","isPartOf":{"@id":"https:\/\/www.hoteleuropariva.it\/de\/#website"},"primaryImageOfPage":{"@id":"https:\/\/www.hoteleuropariva.it\/de\/fahrraddepot\/#primaryimage"},"image":{"@id":"https:\/\/www.hoteleuropariva.it\/de\/fahrraddepot\/#primaryimage"},"thumbnailUrl":"https:\/\/www.hoteleuropariva.it\/wp-content\/uploads\/2023\/03\/bici-3.jpg","datePublished":"2023-05-15T14:58:09+00:00","dateModified":"2026-02-17T15:51:34+00:00","description":"54 Fahrrad-Abstellpl\u00e4tze in weniger als 100 m Entfernung vom Hotel Europa in Riva del Garda.","inLanguage":"de","potentialAction":[{"@type":"ReadAction","target":["https:\/\/www.hoteleuropariva.it\/de\/fahrraddepot\/"]}]},{"@type":"ImageObject","inLanguage":"de","@id":"https:\/\/www.hoteleuropariva.it\/de\/fahrraddepot\/#primaryimage","url":"https:\/\/www.hoteleuropariva.it\/wp-content\/uploads\/2023\/03\/bici-3.jpg","contentUrl":"https:\/\/www.hoteleuropariva.it\/wp-content\/uploads\/2023\/03\/bici-3.jpg","width":1000,"height":666},{"@type":"WebSite","@id":"https:\/\/www.hoteleuropariva.it\/de\/#website","url":"https:\/\/www.hoteleuropariva.it\/de\/","name":"Hotel Europa","description":"SkyPool &amp; Panorama | Riva del Garda","publisher":{"@id":"https:\/\/www.hoteleuropariva.it\/de\/#organization"},"potentialAction":[{"@type":"SearchAction","target":{"@type":"EntryPoint","urlTemplate":"https:\/\/www.hoteleuropariva.it\/de\/?s={search_term_string}"},"query-input":{"@type":"PropertyValueSpecification","valueRequired":true,"valueName":"search_term_string"}}],"inLanguage":"de"},{"@type":"Organization","@id":"https:\/\/www.hoteleuropariva.it\/de\/#organization","name":"Hotel Europa","url":"https:\/\/www.hoteleuropariva.it\/de\/","logo":{"@type":"ImageObject","inLanguage":"de","@id":"https:\/\/www.hoteleuropariva.it\/de\/#\/schema\/logo\/image\/","url":"https:\/\/www.hoteleuropariva.it\/wp-content\/uploads\/2024\/02\/cropped-cropped-hotel-europa-logo-negativo.png","contentUrl":"https:\/\/www.hoteleuropariva.it\/wp-content\/uploads\/2024\/02\/cropped-cropped-hotel-europa-logo-negativo.png","width":700,"height":143,"caption":"Hotel Europa"},"image":{"@id":"https:\/\/www.hoteleuropariva.it\/de\/#\/schema\/logo\/image\/"}}]}},"coauthors":[],"author_meta":{"author_link":"https:\/\/www.hoteleuropariva.it\/de\/author\/hotel-europa\/","display_name":"Promoservice"},"relative_dates":{"created":"Posted 3\u00a0Jahren ago","modified":"Updated 2\u00a0Monaten ago"},"absolute_dates":{"created":"Posted on 15\/05\/2023","modified":"Updated on 17\/02\/2026"},"absolute_dates_time":{"created":"Posted on 15\/05\/2023 16:58","modified":"Updated on 17\/02\/2026 16:51"},"featured_img_caption":"","featured_img":"https:\/\/www.hoteleuropariva.it\/wp-content\/uploads\/2023\/03\/bici-3.jpg","series_order":"","_links":{"self":[{"href":"https:\/\/www.hoteleuropariva.it\/de\/wp-json\/wp\/v2\/pages\/5593","targetHints":{"allow":["GET"]}}],"collection":[{"href":"https:\/\/www.hoteleuropariva.it\/de\/wp-json\/wp\/v2\/pages"}],"about":[{"href":"https:\/\/www.hoteleuropariva.it\/de\/wp-json\/wp\/v2\/types\/page"}],"author":[{"embeddable":true,"href":"https:\/\/www.hoteleuropariva.it\/de\/wp-json\/wp\/v2\/users\/2"}],"replies":[{"embeddable":true,"href":"https:\/\/www.hoteleuropariva.it\/de\/wp-json\/wp\/v2\/comments?post=5593"}],"version-history":[{"count":2,"href":"https:\/\/www.hoteleuropariva.it\/de\/wp-json\/wp\/v2\/pages\/5593\/revisions"}],"predecessor-version":[{"id":10412,"href":"https:\/\/www.hoteleuropariva.it\/de\/wp-json\/wp\/v2\/pages\/5593\/revisions\/10412"}],"wp:featuredmedia":[{"embeddable":true,"href":"https:\/\/www.hoteleuropariva.it\/de\/wp-json\/wp\/v2\/media\/5606"}],"wp:attachment":[{"href":"https:\/\/www.hoteleuropariva.it\/de\/wp-json\/wp\/v2\/media?parent=5593"}],"curies":[{"name":"wp","href":"https:\/\/api.w.org\/{rel}","templated":true}]}}