{"id":1463,"date":"2020-07-27T11:40:36","date_gmt":"2020-07-27T09:40:36","guid":{"rendered":"https:\/\/sole.promoservicebeta.com\/food\/"},"modified":"2026-02-17T17:04:04","modified_gmt":"2026-02-17T16:04:04","slug":"restaurant","status":"publish","type":"page","link":"https:\/\/www.hoteleuropariva.it\/de\/restaurant\/","title":{"rendered":"Restaurant"},"content":{"rendered":"<div  class=\"grids-section riga-ristorante grids-is-advanced alignwide\" style=\"--_gs-gap-desktop:0px 0px;--_gs-m-desktop:0px 0 0px 0;--_gs-p-desktop:0 0 0 0;--_gs-bg-desktop:transparent none;--_gs-bg-xp-desktop:0px;--_gs-zi-desktop:1;--_gs-d-desktop:block;--_gs-mw-desktop:calc(100% - 0 - 0);--_gs-gap-tablet:0px 0px;--_gs-m-tablet:0px 0 0px 0;--_gs-p-tablet:0 0 0 0;--_gs-bg-tablet:transparent none;--_gs-bg-xp-tablet:0px;--_gs-zi-tablet:1;--_gs-d-tablet:block;--_gs-mw-tablet:calc(100% - 0 - 0);--_gs-gap-mobile:0px 0px;--_gs-m-mobile:0px 0 0px 0;--_gs-p-mobile:0 0 0 0;--_gs-bg-mobile:#ffffff none;--_gs-bg-xp-mobile:0px;--_gs-zi-mobile:1;--_gs-d-mobile:block;--_gs-mw-mobile:calc(100% - 0 - 0);--_gs-columns:12;--_gs-rows:6\"><div class=\"grids-s-w_i\">\n<div class=\"grids-area restaurant-title\" style=\"--_ga-column:1\/13;--_ga-row:1\/2;--_ga-m-desktop:0 60px 0 0;--_ga-p-desktop:0 0 0 0;--_ga-bg-desktop:transparent none;--_ga-zi-desktop:auto;--_ga-d-desktop:flex;--_ga-mw-desktop:calc(100% - 0 - 60px);--_ga-m-tablet:0 60px 0 0;--_ga-p-tablet:20px 20px 20px 20px;--_ga-bg-tablet:transparent none;--_ga-zi-tablet:auto;--_ga-d-tablet:flex;--_ga-mw-tablet:calc(100% - 0 - 60px);--_ga-m-mobile:0 60px 0 0;--_ga-p-mobile:20px 20px 20px 20px;--_ga-bg-mobile:transparent none;--_ga-zi-mobile:auto;--_ga-d-mobile:flex;--_ga-mw-mobile:calc(100% - 0 - 60px)\">\n\n<p class=\"small uppercase\"><em>RESTAURANT<\/em><\/p>\n\n\n\n<h2 class=\"wp-block-heading\">Restaurantterrasse am See <\/h2>\n\n\n\n\n\n\n\n<p class=\"has-text-align-left\"><span style=\"font-weight: 400;\">Sie m\u00f6chten die Spezialit\u00e4ten der <\/span><b>italienischen K\u00fcche<\/b><span style=\"font-weight: 400;\"> probieren und von der Terrasse aus die herrliche Aussicht \u00fcber den gesamten Gardasee genie\u00dfen? Dann sind Sie im Hotel Europa genau richtig!<\/span><\/p>\n\n<\/div>\n<\/div><\/div>\n\n<div  class=\"grids-section riga-ristorante grids-is-advanced alignwide\" style=\"--_gs-gap-desktop:0px 0px;--_gs-m-desktop:0px 0 0 0;--_gs-p-desktop:0 0 0 0;--_gs-bg-desktop:transparent none;--_gs-bg-xp-desktop:0px;--_gs-zi-desktop:auto;--_gs-d-desktop:block;--_gs-mw-desktop:calc(100% - 0 - 0);--_gs-gap-tablet:0px 0px;--_gs-m-tablet:0px 0 0 0;--_gs-p-tablet:0 0 0 0;--_gs-bg-tablet:transparent none;--_gs-bg-xp-tablet:0px;--_gs-zi-tablet:auto;--_gs-d-tablet:block;--_gs-mw-tablet:calc(100% - 0 - 0);--_gs-gap-mobile:0px 0px;--_gs-m-mobile:0px 0 0 0;--_gs-p-mobile:0 0 0 0;--_gs-bg-mobile:transparent none;--_gs-bg-xp-mobile:0px;--_gs-zi-mobile:auto;--_gs-d-mobile:block;--_gs-mw-mobile:calc(100% - 0 - 0);--_gs-columns:12;--_gs-rows:6\"><div class=\"grids-s-w_i\">\n<div class=\"grids-area\" style=\"--_ga-column:7\/12;--_ga-row:1\/2;--_ga-va:center;--_ga-m-desktop:0 10px 0 10px;--_ga-p-desktop:0 0 0 0;--_ga-bg-desktop:transparent none;--_ga-zi-desktop:auto;--_ga-d-desktop:flex;--_ga-mw-desktop:calc(100% - 10px - 10px);--_ga-m-tablet:0 10px 0 10px;--_ga-p-tablet:0 0 0 0;--_ga-bg-tablet:transparent none;--_ga-zi-tablet:auto;--_ga-d-tablet:flex;--_ga-mw-tablet:calc(100% - 10px - 10px);--_ga-m-mobile:0 10px 0 10px;--_ga-p-mobile:0 0 0 0;--_ga-bg-mobile:transparent none;--_ga-zi-mobile:auto;--_ga-d-mobile:flex;--_ga-mw-mobile:calc(100% - 10px - 10px)\">\n\n<p><b>Ein reichhaltiges Fr\u00fchst\u00fcck<\/b><\/p>\n\n\n\n<p><i><span style=\"font-weight: 400;\">auf der Panoramaterrasse<\/span><\/i><\/p>\n\n\n\n<p><span style=\"font-weight: 400;\">Was gibt es besseres als gen\u00fcsslichen Kaffeeduft gleich nach dem Aufwachen? Genie\u00dfen Sie Ihr <\/span><b>reichhaltiges Fr\u00fchst\u00fcck und gleichzeitig den Blick auf den sch\u00f6nen Gardasee<\/b><span style=\"font-weight: 400;\">. Die Aussicht ist atemberaubend, ebenso wie das Essen, Ehrenwort!<\/span><\/p>\n\n\n\n<p>Der perfekte Start in den Tag? Nehmen Sie auf der Panoramaterrasse mit Blick auf den See Platz und genie\u00dfen Sie Ihr Fr\u00fchst\u00fcck.<\/p>\n\n<\/div>\n\n<div class=\"grids-area\" style=\"--_ga-column:1\/7;--_ga-row:1\/2;--_ga-m-desktop:0 10px 0 10px;--_ga-p-desktop:0 0 0 0;--_ga-bg-desktop:transparent none;--_ga-zi-desktop:auto;--_ga-d-desktop:flex;--_ga-mw-desktop:calc(100% - 10px - 10px);--_ga-m-tablet:0 10px 0 10px;--_ga-p-tablet:0 0 0 0;--_ga-bg-tablet:transparent none;--_ga-zi-tablet:auto;--_ga-d-tablet:flex;--_ga-mw-tablet:calc(100% - 10px - 10px);--_ga-m-mobile:0 10px 0 10px;--_ga-p-mobile:0 0 0 0;--_ga-bg-mobile:transparent none;--_ga-zi-mobile:auto;--_ga-d-mobile:flex;--_ga-mw-mobile:calc(100% - 10px - 10px)\">\n\n<figure class=\"wp-block-gallery has-nested-images columns-3 is-cropped wp-block-gallery-2 is-layout-flex wp-block-gallery-is-layout-flex\">\n<figure class=\"wp-block-image size-large\"><img decoding=\"async\" src=\"https:\/\/www.hoteleuropariva.it\/wp-content\/uploads\/2023\/03\/ristorante-2.jpg\" alt=\"\"\/><\/figure>\n<\/figure>\n\n<\/div>\n\n<div class=\"grids-area\" style=\"--_ga-column:1\/12;--_ga-row:2\/3;--_ga-m-desktop:0 0 0 0;--_ga-p-desktop:0 0 0 0;--_ga-bg-desktop:transparent none;--_ga-zi-desktop:auto;--_ga-d-desktop:flex;--_ga-mw-desktop:calc(100% - 0 - 0);--_ga-m-tablet:0 0 0 0;--_ga-p-tablet:0 0 0 0;--_ga-bg-tablet:transparent none;--_ga-zi-tablet:auto;--_ga-d-tablet:flex;--_ga-mw-tablet:calc(100% - 0 - 0);--_ga-m-mobile:0 0 0 0;--_ga-p-mobile:0 0 0 0;--_ga-bg-mobile:transparent none;--_ga-zi-mobile:auto;--_ga-d-mobile:flex;--_ga-mw-mobile:calc(100% - 0 - 0)\">\n\n<div style=\"height:30px\" aria-hidden=\"true\" class=\"wp-block-spacer\"><\/div>\n\n<\/div>\n<\/div><\/div>\n\n<div  class=\"grids-section riga-ristorante grids-is-advanced alignwide\" style=\"--_gs-gap-desktop:0px 0px;--_gs-m-desktop:0px 0 0px 0;--_gs-p-desktop:0 0 0 0;--_gs-bg-desktop:transparent none;--_gs-bg-xp-desktop:0px;--_gs-zi-desktop:1;--_gs-d-desktop:block;--_gs-mw-desktop:calc(100% - 0 - 0);--_gs-gap-tablet:0px 0px;--_gs-m-tablet:0px 0 0px 0;--_gs-p-tablet:0 0 0 0;--_gs-bg-tablet:transparent none;--_gs-bg-xp-tablet:0px;--_gs-zi-tablet:1;--_gs-d-tablet:block;--_gs-mw-tablet:calc(100% - 0 - 0);--_gs-gap-mobile:0px 0px;--_gs-m-mobile:0px 0 0px 0;--_gs-p-mobile:0 0 0 0;--_gs-bg-mobile:#ffffff none;--_gs-bg-xp-mobile:0px;--_gs-zi-mobile:1;--_gs-d-mobile:block;--_gs-mw-mobile:calc(100% - 0 - 0);--_gs-columns:12;--_gs-rows:6\"><div class=\"grids-s-w_i\">\n<div class=\"grids-area restaurant-title\" style=\"--_ga-column:1\/7;--_ga-row:1\/2;--_ga-va:center;--_ga-m-desktop:0 60px 0 0;--_ga-p-desktop:0 0 0 0;--_ga-bg-desktop:transparent none;--_ga-zi-desktop:auto;--_ga-d-desktop:flex;--_ga-mw-desktop:calc(100% - 0 - 60px);--_ga-m-tablet:0 60px 0 0;--_ga-p-tablet:20px 20px 20px 20px;--_ga-bg-tablet:transparent none;--_ga-zi-tablet:auto;--_ga-d-tablet:flex;--_ga-mw-tablet:calc(100% - 0 - 60px);--_ga-m-mobile:0 60px 0 0;--_ga-p-mobile:20px 20px 20px 20px;--_ga-bg-mobile:transparent none;--_ga-zi-mobile:auto;--_ga-d-mobile:flex;--_ga-mw-mobile:calc(100% - 0 - 60px)\">\n\n<p><b>Abendessen<\/b><\/p>\n\n\n\n<p><i><span style=\"font-weight: 400;\">Gerichte aus dem Trentino und der traditionellen italienischen K\u00fcche<\/span><\/i><\/p>\n\n\n\n<p><span style=\"font-weight: 400;\">Unser Chefkoch f\u00fchrt Sie mit seinen schmackhaften Rezepten durch das<\/span><b> Trentino<\/b><span style=\"font-weight: 400;\"> und die traditionelle italienische <\/span><b>K\u00fcche<\/b><span style=\"font-weight: 400;\">. Egal, ob Fisch- und Fleischspezialit\u00e4ten, raffinierte Vorspeisen oder erlesene Desserts, es kommen nur frische und unverf\u00e4lschte Zutaten zum Einsatz.<\/span><\/p>\n\n\n\n<p><span style=\"font-weight: 400;\">Und das in einem <\/span><b>eleganten Ambiente<\/b><span style=\"font-weight: 400;\"> auf der Restaurantterrasse mit bezauberndem Blick auf den Gardasee.<\/span><\/p>\n\n\n\n<p><span style=\"font-weight: 400;\">Nat\u00fcrlich werden auch <\/span><b>glutenfreie und vegetarische Gerichte<\/b><span style=\"font-weight: 400;\"> serviert.<\/span><\/p>\n\n<\/div>\n\n<div class=\"grids-area\" style=\"--_ga-column:7\/12;--_ga-row:1\/2;--_ga-m-desktop:0 0 0 0;--_ga-p-desktop:0 0 0 0;--_ga-bg-desktop:transparent none;--_ga-zi-desktop:auto;--_ga-d-desktop:flex;--_ga-mw-desktop:calc(100% - 0 - 0);--_ga-m-tablet:0 0 0 0;--_ga-p-tablet:0 0 0 0;--_ga-bg-tablet:transparent none;--_ga-zi-tablet:auto;--_ga-d-tablet:flex;--_ga-mw-tablet:calc(100% - 0 - 0);--_ga-m-mobile:0 0 0 0;--_ga-p-mobile:0 0 0 0;--_ga-bg-mobile:transparent none;--_ga-zi-mobile:auto;--_ga-d-mobile:flex;--_ga-mw-mobile:calc(100% - 0 - 0)\">\n\n<figure class=\"wp-block-gallery has-nested-images columns-2 is-cropped wp-block-gallery-3 is-layout-flex wp-block-gallery-is-layout-flex\">\n<figure class=\"wp-block-image size-large\"><a href=\"https:\/\/www.hoteleuropariva.it\/wp-content\/uploads\/2022\/10\/breakfast_image_7.jpg\"><img decoding=\"async\" src=\"https:\/\/www.hoteleuropariva.it\/wp-content\/uploads\/2023\/04\/Europa_Piatto2-1024x682.jpg\" alt=\"\"\/><\/a><\/figure>\n\n\n\n<figure class=\"wp-block-image size-large\"><a href=\"https:\/\/www.hoteleuropariva.it\/wp-content\/uploads\/2023\/03\/ristorante-3.jpg\"><img decoding=\"async\" src=\"https:\/\/www.hoteleuropariva.it\/wp-content\/uploads\/2023\/04\/Europa_Piatto1-1024x668.jpg\" alt=\"\"\/><\/a><\/figure>\n\n\n\n<figure class=\"wp-block-image size-large\"><a href=\"https:\/\/www.hoteleuropariva.it\/wp-content\/uploads\/2023\/03\/ristorante-5.jpg\"><img decoding=\"async\" src=\"https:\/\/www.hoteleuropariva.it\/wp-content\/uploads\/2023\/04\/Europa_Piatto3-1024x682.jpg\" alt=\"\"\/><\/a><\/figure>\n\n\n\n<figure class=\"wp-block-image size-large\"><a href=\"https:\/\/www.hoteleuropariva.it\/wp-content\/uploads\/2023\/03\/ristorante-1.jpg\"><img decoding=\"async\" src=\"https:\/\/www.hoteleuropariva.it\/wp-content\/uploads\/2023\/04\/Europa_Piatto4-1024x682.jpg\" alt=\"\"\/><\/a><\/figure>\n<\/figure>\n\n<\/div>\n<\/div><\/div>\n\n<div  class=\"grids-section boxex-image-row grids-is-advanced alignfull\" style=\"--_gs-gap-desktop:0px 0px;--_gs-m-desktop:0 0 0 0;--_gs-p-desktop:0 0 0 0;--_gs-bg-desktop:transparent url(https:\/\/www.hoteleuropariva.it\/wp-content\/uploads\/2023\/07\/rist-hamburgeriva-21-e1706267620964.jpg) no-repeat 41% 66%  \/ cover;--_gs-bg-xp-desktop:0px;--_gs-zi-desktop:auto;--_gs-d-desktop:block;--_gs-mw-desktop:calc(100% - 0 - 0);--_gs-gap-tablet:0px 0px;--_gs-m-tablet:0 0 0 0;--_gs-p-tablet:0 0 0 0;--_gs-bg-tablet:transparent url(https:\/\/www.hoteleuropariva.it\/wp-content\/uploads\/2023\/07\/rist-hamburgeriva-21-e1706267620964.jpg) no-repeat 41% 66%  \/ cover;--_gs-bg-xp-tablet:0px;--_gs-zi-tablet:auto;--_gs-d-tablet:block;--_gs-mw-tablet:calc(100% - 0 - 0);--_gs-gap-mobile:0px 0px;--_gs-m-mobile:0 0 0 0;--_gs-p-mobile:0 0 0 0;--_gs-bg-mobile:transparent url(https:\/\/www.hoteleuropariva.it\/wp-content\/uploads\/2023\/07\/rist-hamburgeriva-21-e1706267620964.jpg) no-repeat 41% 66%  \/ cover;--_gs-bg-xp-mobile:0px;--_gs-zi-mobile:auto;--_gs-d-mobile:block;--_gs-mw-mobile:calc(100% - 0 - 0);--_gs-columns:12;--_gs-rows:6\"><div class=\"grids-s-w_i\">\n<div class=\"grids-area\" style=\"--_ga-column:8\/12;--_ga-row:2\/6;--_ga-m-desktop:0 0 0 0;--_ga-p-desktop:0 0 0 0;--_ga-bg-desktop:#ffffff none;--_ga-zi-desktop:auto;--_ga-d-desktop:flex;--_ga-mw-desktop:calc(100% - 0 - 0);--_ga-m-tablet:0 0 0 0;--_ga-p-tablet:0 0 0 0;--_ga-bg-tablet:#ffffff none;--_ga-zi-tablet:auto;--_ga-d-tablet:flex;--_ga-mw-tablet:calc(100% - 0 - 0);--_ga-m-mobile:0 0 0 0;--_ga-p-mobile:0 0 0 0;--_ga-bg-mobile:#ffffff none;--_ga-zi-mobile:auto;--_ga-d-mobile:flex;--_ga-mw-mobile:calc(100% - 0 - 0)\">\n\n<h2 class=\"wp-block-heading\">Lust auf einen Burger?<\/h2>\n\n\n\n<p>Neben dem Europa Hotel befindet sich <strong>Hamburgeriva<\/strong>, das Paradies f\u00fcr Gourmet-Burger-Liebhaber.<\/p>\n\n\n\n<p>Ob Sie nun ein Liebhaber der Tradition sind oder auf der Suche nach neuen Kombinationen, das gastronomische Angebot von <strong>HamburgeRiva wird Sie nie entt\u00e4uschen.<\/strong><\/p>\n\n\n\n<div class=\"wp-block-buttons is-layout-flex wp-block-buttons-is-layout-flex\">\n<div class=\"wp-block-button\"><a class=\"wp-block-button__link has-background-color has-text-color has-background wp-element-button\" href=\"https:\/\/www.hoteleuropariva.it\/de\/hamburgeriva\/\" style=\"background-color:#2f2482\">ENTDECKEN HAMBURGERIVA<\/a><\/div>\n<\/div>\n\n<\/div>\n<\/div><\/div>\n\n\n<div class=\"conver-widget-v2\"\n     data-instance=\"conver-v2-4\">\n\n  <div class=\"chat-container\" id=\"chat-section\">\n\n    <div class=\"chat-header\">\n      <div class=\"chat-header-logo\">\n        <img decoding=\"async\"\n          src=\"https:\/\/www.hoteleuropariva.it\/wp-content\/themes\/jampaa\/template-parts\/ricerca-conversazionale-v2\/assets\/img\/logo-ricerca-conv.png\"\n          alt=\"\"\n        >\n        <span>Hallo<\/span>\n      <\/div>\n\n      <h2>Womit fangen wir an?<\/h2>\n    <\/div>\n\n    <!-- Chat -->\n    <div class=\"chat-box\"><\/div>\n\n    <!-- Loading -->\n    <div class=\"loading-conver hidden\" aria-hidden=\"true\">\n      <div class=\"dot\"><\/div><div class=\"dot\"><\/div><div class=\"dot\"><\/div>\n    <\/div>\n\n    <!-- Input -->\n    <div class=\"input-area-conver-wrapper\">\n      <div class=\"input-area-conver\">\n        <textarea\n          class=\"user-input-conver\"\n          placeholder=\"Stelle eine Frage...\"\n          rows=\"1\"\n        ><\/textarea>\n\n        <div class=\"box-btn-conver\">\n          <a class=\"send-btn-conver\" href=\"#\" role=\"button\" aria-label=\"AI Search\">\n            <i class=\"fa-light fa-magnifying-glass icon-search\" aria-hidden=\"true\"><\/i>\n            <i class=\"fa-regular fa-arrow-up icon-send hidden\" aria-hidden=\"true\"><\/i>\n            <span class=\"ai-search-text\">AI Search<\/span>\n          <\/a>\n\n          <i class=\"fa-light fa-close icon-erase hidden\" aria-hidden=\"true\"><\/i>\n        <\/div>\n      <\/div>\n    <\/div>\n    <span class=\"show-quick-questions hidden\">Zeige schnelle Fragen<\/span>\n\n    <!-- Domande rapide -->\n    <div class=\"entry-chats-wrapper\">\n      <button type=\"button\" class=\"entry-chat\" data-prompt=\"Ein Zimmer f\u00fcr zwei Personen buchen\">\n        Ein Zimmer f\u00fcr zwei Personen buchen      <\/button>\n\n      <button type=\"button\" class=\"entry-chat\" data-prompt=\"Sonderangebote entdecken\">\n        Sonderangebote entdecken      <\/button>\n\n      <button type=\"button\" class=\"entry-chat\" data-prompt=\"Zimmer entdecken\">\n        Zimmer entdecken      <\/button>\n\n      <button type=\"button\" class=\"entry-chat\" data-prompt=\"Entdecke den Sky Pool und das Wellnesscenter Ninfea\">\n        Entdecke den Sky Pool und das Wellnesscenter Ninfea      <\/button>\n    <\/div>\n\n  <\/div>\n<\/div>\n","protected":false},"excerpt":{"rendered":"","protected":false},"author":2,"featured_media":6131,"parent":0,"menu_order":0,"comment_status":"closed","ping_status":"closed","template":"templates\/template-full-width.php","meta":{"_acf_changed":false,"advgb_blocks_editor_width":"","advgb_blocks_columns_visual_guide":"","footnotes":""},"class_list":["post-1463","page","type-page","status-publish","has-post-thumbnail","hentry"],"acf":[],"yoast_head":"<!-- This site is optimized with the Yoast SEO plugin v26.9 - https:\/\/yoast.com\/product\/yoast-seo-wordpress\/ -->\n<title>Restaurantterrasse mit Blick auf den Gardasee | Hotel Europa<\/title>\n<meta name=\"description\" content=\"Sie m\u00f6chten die Spezialit\u00e4ten der italienischen K\u00fcche probieren und von der Terrasse aus die herrliche Aussicht \u00fcber den gesamten Gardasee genie\u00dfen? Dann sind Sie im Hotel Europa genau richtig!\" \/>\n<meta name=\"robots\" content=\"index, follow, max-snippet:-1, max-image-preview:large, max-video-preview:-1\" \/>\n<link rel=\"canonical\" href=\"https:\/\/www.hoteleuropariva.it\/de\/restaurant\/\" \/>\n<meta property=\"og:locale\" content=\"de_DE\" \/>\n<meta property=\"og:type\" content=\"article\" \/>\n<meta property=\"og:title\" content=\"Restaurantterrasse mit Blick auf den Gardasee | Hotel Europa\" \/>\n<meta property=\"og:description\" content=\"Sie m\u00f6chten die Spezialit\u00e4ten der italienischen K\u00fcche probieren und von der Terrasse aus die herrliche Aussicht \u00fcber den gesamten Gardasee genie\u00dfen? Dann sind Sie im Hotel Europa genau richtig!\" \/>\n<meta property=\"og:url\" content=\"https:\/\/www.hoteleuropariva.it\/de\/restaurant\/\" \/>\n<meta property=\"og:site_name\" content=\"Hotel Europa\" \/>\n<meta property=\"article:modified_time\" content=\"2026-02-17T16:04:04+00:00\" \/>\n<meta property=\"og:image\" content=\"https:\/\/www.hoteleuropariva.it\/wp-content\/uploads\/2023\/04\/ristorante3.jpg\" \/>\n\t<meta property=\"og:image:width\" content=\"1600\" \/>\n\t<meta property=\"og:image:height\" content=\"1067\" \/>\n\t<meta property=\"og:image:type\" content=\"image\/jpeg\" \/>\n<meta name=\"twitter:card\" content=\"summary_large_image\" \/>\n<meta name=\"twitter:label1\" content=\"Gesch\u00e4tzte Lesezeit\" \/>\n\t<meta name=\"twitter:data1\" content=\"3\u00a0Minuten\" \/>\n<script type=\"application\/ld+json\" class=\"yoast-schema-graph\">{\"@context\":\"https:\/\/schema.org\",\"@graph\":[{\"@type\":\"WebPage\",\"@id\":\"https:\/\/www.hoteleuropariva.it\/de\/restaurant\/\",\"url\":\"https:\/\/www.hoteleuropariva.it\/de\/restaurant\/\",\"name\":\"Restaurantterrasse mit Blick auf den Gardasee | Hotel Europa\",\"isPartOf\":{\"@id\":\"https:\/\/www.hoteleuropariva.it\/de\/#website\"},\"primaryImageOfPage\":{\"@id\":\"https:\/\/www.hoteleuropariva.it\/de\/restaurant\/#primaryimage\"},\"image\":{\"@id\":\"https:\/\/www.hoteleuropariva.it\/de\/restaurant\/#primaryimage\"},\"thumbnailUrl\":\"https:\/\/www.hoteleuropariva.it\/wp-content\/uploads\/2023\/04\/ristorante3.jpg\",\"datePublished\":\"2020-07-27T09:40:36+00:00\",\"dateModified\":\"2026-02-17T16:04:04+00:00\",\"description\":\"Sie m\u00f6chten die Spezialit\u00e4ten der italienischen K\u00fcche probieren und von der Terrasse aus die herrliche Aussicht \u00fcber den gesamten Gardasee genie\u00dfen? Dann sind Sie im Hotel Europa genau richtig!\",\"inLanguage\":\"de\",\"potentialAction\":[{\"@type\":\"ReadAction\",\"target\":[\"https:\/\/www.hoteleuropariva.it\/de\/restaurant\/\"]}]},{\"@type\":\"ImageObject\",\"inLanguage\":\"de\",\"@id\":\"https:\/\/www.hoteleuropariva.it\/de\/restaurant\/#primaryimage\",\"url\":\"https:\/\/www.hoteleuropariva.it\/wp-content\/uploads\/2023\/04\/ristorante3.jpg\",\"contentUrl\":\"https:\/\/www.hoteleuropariva.it\/wp-content\/uploads\/2023\/04\/ristorante3.jpg\",\"width\":1600,\"height\":1067},{\"@type\":\"WebSite\",\"@id\":\"https:\/\/www.hoteleuropariva.it\/de\/#website\",\"url\":\"https:\/\/www.hoteleuropariva.it\/de\/\",\"name\":\"Hotel Europa\",\"description\":\"SkyPool &amp; Panorama | Riva del Garda\",\"publisher\":{\"@id\":\"https:\/\/www.hoteleuropariva.it\/de\/#organization\"},\"potentialAction\":[{\"@type\":\"SearchAction\",\"target\":{\"@type\":\"EntryPoint\",\"urlTemplate\":\"https:\/\/www.hoteleuropariva.it\/de\/?s={search_term_string}\"},\"query-input\":{\"@type\":\"PropertyValueSpecification\",\"valueRequired\":true,\"valueName\":\"search_term_string\"}}],\"inLanguage\":\"de\"},{\"@type\":\"Organization\",\"@id\":\"https:\/\/www.hoteleuropariva.it\/de\/#organization\",\"name\":\"Hotel Europa\",\"url\":\"https:\/\/www.hoteleuropariva.it\/de\/\",\"logo\":{\"@type\":\"ImageObject\",\"inLanguage\":\"de\",\"@id\":\"https:\/\/www.hoteleuropariva.it\/de\/#\/schema\/logo\/image\/\",\"url\":\"https:\/\/www.hoteleuropariva.it\/wp-content\/uploads\/2024\/02\/cropped-cropped-hotel-europa-logo-negativo.png\",\"contentUrl\":\"https:\/\/www.hoteleuropariva.it\/wp-content\/uploads\/2024\/02\/cropped-cropped-hotel-europa-logo-negativo.png\",\"width\":700,\"height\":143,\"caption\":\"Hotel Europa\"},\"image\":{\"@id\":\"https:\/\/www.hoteleuropariva.it\/de\/#\/schema\/logo\/image\/\"}}]}<\/script>\n<!-- \/ Yoast SEO plugin. -->","yoast_head_json":{"title":"Restaurantterrasse mit Blick auf den Gardasee | Hotel Europa","description":"Sie m\u00f6chten die Spezialit\u00e4ten der italienischen K\u00fcche probieren und von der Terrasse aus die herrliche Aussicht \u00fcber den gesamten Gardasee genie\u00dfen? Dann sind Sie im Hotel Europa genau richtig!","robots":{"index":"index","follow":"follow","max-snippet":"max-snippet:-1","max-image-preview":"max-image-preview:large","max-video-preview":"max-video-preview:-1"},"canonical":"https:\/\/www.hoteleuropariva.it\/de\/restaurant\/","og_locale":"de_DE","og_type":"article","og_title":"Restaurantterrasse mit Blick auf den Gardasee | Hotel Europa","og_description":"Sie m\u00f6chten die Spezialit\u00e4ten der italienischen K\u00fcche probieren und von der Terrasse aus die herrliche Aussicht \u00fcber den gesamten Gardasee genie\u00dfen? Dann sind Sie im Hotel Europa genau richtig!","og_url":"https:\/\/www.hoteleuropariva.it\/de\/restaurant\/","og_site_name":"Hotel Europa","article_modified_time":"2026-02-17T16:04:04+00:00","og_image":[{"width":1600,"height":1067,"url":"https:\/\/www.hoteleuropariva.it\/wp-content\/uploads\/2023\/04\/ristorante3.jpg","type":"image\/jpeg"}],"twitter_card":"summary_large_image","twitter_misc":{"Gesch\u00e4tzte Lesezeit":"3\u00a0Minuten"},"schema":{"@context":"https:\/\/schema.org","@graph":[{"@type":"WebPage","@id":"https:\/\/www.hoteleuropariva.it\/de\/restaurant\/","url":"https:\/\/www.hoteleuropariva.it\/de\/restaurant\/","name":"Restaurantterrasse mit Blick auf den Gardasee | Hotel Europa","isPartOf":{"@id":"https:\/\/www.hoteleuropariva.it\/de\/#website"},"primaryImageOfPage":{"@id":"https:\/\/www.hoteleuropariva.it\/de\/restaurant\/#primaryimage"},"image":{"@id":"https:\/\/www.hoteleuropariva.it\/de\/restaurant\/#primaryimage"},"thumbnailUrl":"https:\/\/www.hoteleuropariva.it\/wp-content\/uploads\/2023\/04\/ristorante3.jpg","datePublished":"2020-07-27T09:40:36+00:00","dateModified":"2026-02-17T16:04:04+00:00","description":"Sie m\u00f6chten die Spezialit\u00e4ten der italienischen K\u00fcche probieren und von der Terrasse aus die herrliche Aussicht \u00fcber den gesamten Gardasee genie\u00dfen? Dann sind Sie im Hotel Europa genau richtig!","inLanguage":"de","potentialAction":[{"@type":"ReadAction","target":["https:\/\/www.hoteleuropariva.it\/de\/restaurant\/"]}]},{"@type":"ImageObject","inLanguage":"de","@id":"https:\/\/www.hoteleuropariva.it\/de\/restaurant\/#primaryimage","url":"https:\/\/www.hoteleuropariva.it\/wp-content\/uploads\/2023\/04\/ristorante3.jpg","contentUrl":"https:\/\/www.hoteleuropariva.it\/wp-content\/uploads\/2023\/04\/ristorante3.jpg","width":1600,"height":1067},{"@type":"WebSite","@id":"https:\/\/www.hoteleuropariva.it\/de\/#website","url":"https:\/\/www.hoteleuropariva.it\/de\/","name":"Hotel Europa","description":"SkyPool &amp; Panorama | Riva del Garda","publisher":{"@id":"https:\/\/www.hoteleuropariva.it\/de\/#organization"},"potentialAction":[{"@type":"SearchAction","target":{"@type":"EntryPoint","urlTemplate":"https:\/\/www.hoteleuropariva.it\/de\/?s={search_term_string}"},"query-input":{"@type":"PropertyValueSpecification","valueRequired":true,"valueName":"search_term_string"}}],"inLanguage":"de"},{"@type":"Organization","@id":"https:\/\/www.hoteleuropariva.it\/de\/#organization","name":"Hotel Europa","url":"https:\/\/www.hoteleuropariva.it\/de\/","logo":{"@type":"ImageObject","inLanguage":"de","@id":"https:\/\/www.hoteleuropariva.it\/de\/#\/schema\/logo\/image\/","url":"https:\/\/www.hoteleuropariva.it\/wp-content\/uploads\/2024\/02\/cropped-cropped-hotel-europa-logo-negativo.png","contentUrl":"https:\/\/www.hoteleuropariva.it\/wp-content\/uploads\/2024\/02\/cropped-cropped-hotel-europa-logo-negativo.png","width":700,"height":143,"caption":"Hotel Europa"},"image":{"@id":"https:\/\/www.hoteleuropariva.it\/de\/#\/schema\/logo\/image\/"}}]}},"coauthors":[],"author_meta":{"author_link":"https:\/\/www.hoteleuropariva.it\/de\/author\/hotel-europa\/","display_name":"Promoservice"},"relative_dates":{"created":"Posted 6\u00a0Jahren ago","modified":"Updated 2\u00a0Monaten ago"},"absolute_dates":{"created":"Posted on 27\/07\/2020","modified":"Updated on 17\/02\/2026"},"absolute_dates_time":{"created":"Posted on 27\/07\/2020 11:40","modified":"Updated on 17\/02\/2026 17:04"},"featured_img_caption":"","featured_img":"https:\/\/www.hoteleuropariva.it\/wp-content\/uploads\/2023\/04\/ristorante3-1200x800.jpg","series_order":"","_links":{"self":[{"href":"https:\/\/www.hoteleuropariva.it\/de\/wp-json\/wp\/v2\/pages\/1463","targetHints":{"allow":["GET"]}}],"collection":[{"href":"https:\/\/www.hoteleuropariva.it\/de\/wp-json\/wp\/v2\/pages"}],"about":[{"href":"https:\/\/www.hoteleuropariva.it\/de\/wp-json\/wp\/v2\/types\/page"}],"author":[{"embeddable":true,"href":"https:\/\/www.hoteleuropariva.it\/de\/wp-json\/wp\/v2\/users\/2"}],"replies":[{"embeddable":true,"href":"https:\/\/www.hoteleuropariva.it\/de\/wp-json\/wp\/v2\/comments?post=1463"}],"version-history":[{"count":5,"href":"https:\/\/www.hoteleuropariva.it\/de\/wp-json\/wp\/v2\/pages\/1463\/revisions"}],"predecessor-version":[{"id":10465,"href":"https:\/\/www.hoteleuropariva.it\/de\/wp-json\/wp\/v2\/pages\/1463\/revisions\/10465"}],"wp:featuredmedia":[{"embeddable":true,"href":"https:\/\/www.hoteleuropariva.it\/de\/wp-json\/wp\/v2\/media\/6131"}],"wp:attachment":[{"href":"https:\/\/www.hoteleuropariva.it\/de\/wp-json\/wp\/v2\/media?parent=1463"}],"curies":[{"name":"wp","href":"https:\/\/api.w.org\/{rel}","templated":true}]}}