{"id":1409,"date":"2020-07-27T12:13:52","date_gmt":"2020-07-27T10:13:52","guid":{"rendered":"https:\/\/sole.promoservicebeta.com\/trentino-guest-card\/"},"modified":"2026-02-17T16:53:45","modified_gmt":"2026-02-17T15:53:45","slug":"garda-guest-card","status":"publish","type":"page","link":"https:\/\/www.hoteleuropariva.it\/de\/garda-guest-card\/","title":{"rendered":"Garda Guest Card"},"content":{"rendered":"<div  class=\"grids-section grids-is-advanced alignwide\" style=\"--_gs-gap-desktop:0px 0px;--_gs-m-desktop:0 0 0 0;--_gs-p-desktop:0 0 0 0;--_gs-bg-desktop:transparent none;--_gs-bg-xp-desktop:0px;--_gs-zi-desktop:auto;--_gs-d-desktop:block;--_gs-mw-desktop:calc(100% - 0 - 0);--_gs-gap-tablet:0px 0px;--_gs-m-tablet:0 0 0 0;--_gs-p-tablet:0 0 0 0;--_gs-bg-tablet:transparent none;--_gs-bg-xp-tablet:0px;--_gs-zi-tablet:auto;--_gs-d-tablet:block;--_gs-mw-tablet:calc(100% - 0 - 0);--_gs-gap-mobile:0px 0px;--_gs-m-mobile:0 0 0 0;--_gs-p-mobile:0 0 0 0;--_gs-bg-mobile:transparent none;--_gs-bg-xp-mobile:0px;--_gs-zi-mobile:auto;--_gs-d-mobile:block;--_gs-mw-mobile:calc(100% - 0 - 0);--_gs-columns:12;--_gs-rows:6\"><div class=\"grids-s-w_i\">\n<div class=\"grids-area\" style=\"--_ga-column:1\/7;--_ga-row:1\/2;--_ga-va:center;--_ga-m-desktop:0 15px 0 0;--_ga-p-desktop:0px 60px 0px 0px;--_ga-bg-desktop:transparent none;--_ga-zi-desktop:auto;--_ga-d-desktop:flex;--_ga-mw-desktop:calc(100% - 0 - 15px);--_ga-m-tablet:0 15px 0 0;--_ga-p-tablet:0px 60px 0px 0px;--_ga-bg-tablet:transparent none;--_ga-zi-tablet:auto;--_ga-d-tablet:flex;--_ga-mw-tablet:calc(100% - 0 - 15px);--_ga-m-mobile:0 15px 0 0;--_ga-p-mobile:0px 60px 0px 0px;--_ga-bg-mobile:transparent none;--_ga-zi-mobile:auto;--_ga-d-mobile:flex;--_ga-mw-mobile:calc(100% - 0 - 15px)\">\n\n<p class=\"small uppercase\"><em>EINE KARTE, VIELE VORTEILE!<\/em><\/p>\n\n\n\n<h2 class=\"wp-block-heading\">Garda Guest Card<\/h2>\n\n\n\n<div style=\"height:16px\" aria-hidden=\"true\" class=\"wp-block-spacer\"><\/div>\n\n\n\n<p><b>Genie\u00dfen Sie einen Urlaub mit Thermen, Museen und Weinverkostungen!<\/b><span style=\"font-weight: 400;\"> Eine einzige Karte gew\u00e4hrt Ihnen den kostenlosen Zugang zu vielen Dienstleistungen.<\/span><\/p>\n\n\n\n<p>Mit der Garda Guest Card haben Sie freien Eintritt in die wichtigsten Museen, Schl\u00f6sser und Naturparks, freie Fahrt mit den \u00f6ffentlichen Verkehrsmitteln, Erm\u00e4\u00dfigungen in den Partnerbetrieben und Zugang zu exklusiven Dienstleistungen wie F\u00fchrungen und Verkostungen. Zudem haben Sie die M\u00f6glichkeit, Warteschlangen zu vermeiden.<\/p>\n\n<\/div>\n\n<div class=\"grids-area\" style=\"--_ga-column:7\/13;--_ga-row:1\/2;--_ga-va:center;--_ga-m-desktop:0 0 0 0;--_ga-p-desktop:0 0 0 0;--_ga-bg-desktop:transparent none;--_ga-zi-desktop:auto;--_ga-d-desktop:flex;--_ga-mw-desktop:calc(100% - 0 - 0);--_ga-m-tablet:0 0 0 0;--_ga-p-tablet:0 0 0 0;--_ga-bg-tablet:transparent none;--_ga-zi-tablet:auto;--_ga-d-tablet:flex;--_ga-mw-tablet:calc(100% - 0 - 0);--_ga-m-mobile:0 0 0 0;--_ga-p-mobile:0 0 0 0;--_ga-bg-mobile:transparent none;--_ga-zi-mobile:auto;--_ga-d-mobile:flex;--_ga-mw-mobile:calc(100% - 0 - 0)\">\n\n<figure class=\"wp-block-gallery has-nested-images columns-2 is-cropped wp-block-gallery-2 is-layout-flex wp-block-gallery-is-layout-flex\">\n<figure class=\"wp-block-image size-large\"><img loading=\"lazy\" decoding=\"async\" width=\"1024\" height=\"513\" data-id=\"2303\" src=\"https:\/\/www.hoteleuropariva.it\/wp-content\/uploads\/2020\/08\/img_6896_ph.-pillow-lab_2@2x.jpeg\" alt=\"\" class=\"wp-image-2303\" srcset=\"https:\/\/www.hoteleuropariva.it\/wp-content\/uploads\/2020\/08\/img_6896_ph.-pillow-lab_2@2x.jpeg 1024w, https:\/\/www.hoteleuropariva.it\/wp-content\/uploads\/2020\/08\/img_6896_ph.-pillow-lab_2@2x-300x150.jpeg 300w, https:\/\/www.hoteleuropariva.it\/wp-content\/uploads\/2020\/08\/img_6896_ph.-pillow-lab_2@2x-768x385.jpeg 768w\" sizes=\"auto, (max-width: 1024px) 100vw, 1024px\" \/><\/figure>\n\n\n\n<figure class=\"wp-block-image size-large\"><img loading=\"lazy\" decoding=\"async\" width=\"1000\" height=\"563\" data-id=\"2300\" src=\"https:\/\/www.hoteleuropariva.it\/wp-content\/uploads\/2020\/08\/bici2.jpg\" alt=\"\" class=\"wp-image-2300\" srcset=\"https:\/\/www.hoteleuropariva.it\/wp-content\/uploads\/2020\/08\/bici2.jpg 1000w, https:\/\/www.hoteleuropariva.it\/wp-content\/uploads\/2020\/08\/bici2-300x169.jpg 300w, https:\/\/www.hoteleuropariva.it\/wp-content\/uploads\/2020\/08\/bici2-768x432.jpg 768w\" sizes=\"auto, (max-width: 1000px) 100vw, 1000px\" \/><\/figure>\n\n\n\n<figure class=\"wp-block-image size-large\"><img loading=\"lazy\" decoding=\"async\" width=\"1024\" height=\"684\" data-id=\"2306\" src=\"https:\/\/www.hoteleuropariva.it\/wp-content\/uploads\/2020\/08\/riva5-1-1024x684.jpg\" alt=\"\" class=\"wp-image-2306\" srcset=\"https:\/\/www.hoteleuropariva.it\/wp-content\/uploads\/2020\/08\/riva5-1-1024x684.jpg 1024w, https:\/\/www.hoteleuropariva.it\/wp-content\/uploads\/2020\/08\/riva5-1-300x200.jpg 300w, https:\/\/www.hoteleuropariva.it\/wp-content\/uploads\/2020\/08\/riva5-1-768x513.jpg 768w, https:\/\/www.hoteleuropariva.it\/wp-content\/uploads\/2020\/08\/riva5-1.jpg 1200w\" sizes=\"auto, (max-width: 1024px) 100vw, 1024px\" \/><\/figure>\n\n\n\n<figure class=\"wp-block-image size-large\"><img loading=\"lazy\" decoding=\"async\" width=\"1024\" height=\"683\" data-id=\"2313\" src=\"https:\/\/www.hoteleuropariva.it\/wp-content\/uploads\/2020\/08\/Hotel_Portici_GardaGuestCard_vele-1024x683.jpg\" alt=\"\" class=\"wp-image-2313\" srcset=\"https:\/\/www.hoteleuropariva.it\/wp-content\/uploads\/2020\/08\/Hotel_Portici_GardaGuestCard_vele-1024x683.jpg 1024w, https:\/\/www.hoteleuropariva.it\/wp-content\/uploads\/2020\/08\/Hotel_Portici_GardaGuestCard_vele-300x200.jpg 300w, https:\/\/www.hoteleuropariva.it\/wp-content\/uploads\/2020\/08\/Hotel_Portici_GardaGuestCard_vele-768x512.jpg 768w, https:\/\/www.hoteleuropariva.it\/wp-content\/uploads\/2020\/08\/Hotel_Portici_GardaGuestCard_vele-1536x1024.jpg 1536w, https:\/\/www.hoteleuropariva.it\/wp-content\/uploads\/2020\/08\/Hotel_Portici_GardaGuestCard_vele-1200x800.jpg 1200w, https:\/\/www.hoteleuropariva.it\/wp-content\/uploads\/2020\/08\/Hotel_Portici_GardaGuestCard_vele.jpg 1680w\" sizes=\"auto, (max-width: 1024px) 100vw, 1024px\" \/><\/figure>\n<\/figure>\n\n<\/div>\n\n<div class=\"grids-area\" style=\"--_ga-column:7\/13;--_ga-row:2\/3;--_ga-va:center;--_ga-m-desktop:0 0 0 15px;--_ga-p-desktop:0 0 0 0;--_ga-bg-desktop:transparent none;--_ga-zi-desktop:auto;--_ga-d-desktop:flex;--_ga-mw-desktop:calc(100% - 15px - 0);--_ga-m-tablet:0 0 0 15px;--_ga-p-tablet:0 0 0 0;--_ga-bg-tablet:transparent none;--_ga-zi-tablet:auto;--_ga-d-tablet:flex;--_ga-mw-tablet:calc(100% - 15px - 0);--_ga-m-mobile:0 0 0 15px;--_ga-p-mobile:0 0 0 0;--_ga-bg-mobile:transparent none;--_ga-zi-mobile:auto;--_ga-d-mobile:flex;--_ga-mw-mobile:calc(100% - 15px - 0)\">\n\n<p>Die Karte bietet folgende Vorteile:<\/p>\n\n\n\n<ul class=\"wp-block-list\">\n<li>freie Fahrt mit allen \u00f6ffentlichen Verkehrsmitteln im Trentino, Z\u00fcge und Schiffe inklusive<\/li>\n\n\n\n<li>freier Eintritt in mehr als 60 Museen, Muse und Mart inklusive<\/li>\n\n\n\n<li>kostenloser Besuch von 20 Schl\u00f6ssern und mehr als 40 Sehensw\u00fcrdigkeiten, darunter die Arena von Verona<\/li>\n\n\n\n<li>Verkostung und Kauf typischer lokaler Produkte direkt beim Erzeuger, Teilnahme an kostenlosen F\u00fchrungen<\/li>\n\n\n\n<li>Zugang zu vielen anderen Dienstleistungen zu Sonderbedingungen<\/li>\n<\/ul>\n\n<\/div>\n\n<div class=\"grids-area\" style=\"--_ga-column:1\/7;--_ga-row:2\/3;--_ga-m-desktop:0 0 0 0;--_ga-p-desktop:0 0 0 0;--_ga-bg-desktop:transparent none;--_ga-zi-desktop:auto;--_ga-d-desktop:flex;--_ga-mw-desktop:calc(100% - 0 - 0);--_ga-m-tablet:0 0 0 0;--_ga-p-tablet:0 0 0 0;--_ga-bg-tablet:transparent none;--_ga-zi-tablet:auto;--_ga-d-tablet:flex;--_ga-mw-tablet:calc(100% - 0 - 0);--_ga-m-mobile:0 0 0 0;--_ga-p-mobile:0 0 0 0;--_ga-bg-mobile:transparent none;--_ga-zi-mobile:auto;--_ga-d-mobile:flex;--_ga-mw-mobile:calc(100% - 0 - 0)\">\n\n<figure class=\"wp-block-gallery has-nested-images columns-2 is-cropped wp-block-gallery-3 is-layout-flex wp-block-gallery-is-layout-flex\">\n<figure class=\"wp-block-image size-large\"><img loading=\"lazy\" decoding=\"async\" width=\"1024\" height=\"682\" data-id=\"6201\" src=\"https:\/\/www.hoteleuropariva.it\/wp-content\/uploads\/2023\/04\/esterni-1024x682.jpg\" alt=\"\" class=\"wp-image-6201\" srcset=\"https:\/\/www.hoteleuropariva.it\/wp-content\/uploads\/2023\/04\/esterni-1024x682.jpg 1024w, https:\/\/www.hoteleuropariva.it\/wp-content\/uploads\/2023\/04\/esterni-300x200.jpg 300w, https:\/\/www.hoteleuropariva.it\/wp-content\/uploads\/2023\/04\/esterni-768x511.jpg 768w, https:\/\/www.hoteleuropariva.it\/wp-content\/uploads\/2023\/04\/esterni-1536x1023.jpg 1536w, https:\/\/www.hoteleuropariva.it\/wp-content\/uploads\/2023\/04\/esterni-1200x799.jpg 1200w, https:\/\/www.hoteleuropariva.it\/wp-content\/uploads\/2023\/04\/esterni-1980x1319.jpg 1980w, https:\/\/www.hoteleuropariva.it\/wp-content\/uploads\/2023\/04\/esterni.jpg 2000w\" sizes=\"auto, (max-width: 1024px) 100vw, 1024px\" \/><\/figure>\n\n\n\n<figure class=\"wp-block-image size-large\"><img loading=\"lazy\" decoding=\"async\" width=\"800\" height=\"600\" data-id=\"6204\" src=\"https:\/\/www.hoteleuropariva.it\/wp-content\/uploads\/2023\/04\/riva.jpg\" alt=\"\" class=\"wp-image-6204\" srcset=\"https:\/\/www.hoteleuropariva.it\/wp-content\/uploads\/2023\/04\/riva.jpg 800w, https:\/\/www.hoteleuropariva.it\/wp-content\/uploads\/2023\/04\/riva-300x225.jpg 300w, https:\/\/www.hoteleuropariva.it\/wp-content\/uploads\/2023\/04\/riva-768x576.jpg 768w\" sizes=\"auto, (max-width: 800px) 100vw, 800px\" \/><\/figure>\n\n\n\n<figure class=\"wp-block-image size-large\"><img loading=\"lazy\" decoding=\"async\" width=\"1024\" height=\"666\" data-id=\"6496\" src=\"https:\/\/www.hoteleuropariva.it\/wp-content\/uploads\/2023\/04\/verona-1024x666.jpg\" alt=\"\" class=\"wp-image-6496\" srcset=\"https:\/\/www.hoteleuropariva.it\/wp-content\/uploads\/2023\/04\/verona-1024x666.jpg 1024w, https:\/\/www.hoteleuropariva.it\/wp-content\/uploads\/2023\/04\/verona-300x195.jpg 300w, https:\/\/www.hoteleuropariva.it\/wp-content\/uploads\/2023\/04\/verona-768x500.jpg 768w, https:\/\/www.hoteleuropariva.it\/wp-content\/uploads\/2023\/04\/verona-1536x999.jpg 1536w, https:\/\/www.hoteleuropariva.it\/wp-content\/uploads\/2023\/04\/verona-1200x781.jpg 1200w, https:\/\/www.hoteleuropariva.it\/wp-content\/uploads\/2023\/04\/verona.jpg 1600w\" sizes=\"auto, (max-width: 1024px) 100vw, 1024px\" \/><\/figure>\n\n\n\n<figure class=\"wp-block-image size-large\"><img loading=\"lazy\" decoding=\"async\" width=\"800\" height=\"532\" data-id=\"6499\" src=\"https:\/\/www.hoteleuropariva.it\/wp-content\/uploads\/2023\/04\/muse.jpg\" alt=\"\" class=\"wp-image-6499\" srcset=\"https:\/\/www.hoteleuropariva.it\/wp-content\/uploads\/2023\/04\/muse.jpg 800w, https:\/\/www.hoteleuropariva.it\/wp-content\/uploads\/2023\/04\/muse-300x200.jpg 300w, https:\/\/www.hoteleuropariva.it\/wp-content\/uploads\/2023\/04\/muse-768x511.jpg 768w\" sizes=\"auto, (max-width: 800px) 100vw, 800px\" \/><\/figure>\n<\/figure>\n\n<\/div>\n<\/div><\/div>\n\n<div  class=\"grids-section grids-is-advanced alignwide\" style=\"--_gs-gap-desktop:0px 0px;--_gs-m-desktop:0 0 0 0;--_gs-p-desktop:0 0 0 0;--_gs-bg-desktop:transparent none;--_gs-bg-xp-desktop:0px;--_gs-zi-desktop:auto;--_gs-d-desktop:block;--_gs-mw-desktop:calc(100% - 0 - 0);--_gs-gap-tablet:0px 0px;--_gs-m-tablet:0 0 0 0;--_gs-p-tablet:0 0 0 0;--_gs-bg-tablet:transparent none;--_gs-bg-xp-tablet:0px;--_gs-zi-tablet:auto;--_gs-d-tablet:block;--_gs-mw-tablet:calc(100% - 0 - 0);--_gs-gap-mobile:0px 0px;--_gs-m-mobile:0 0 0 0;--_gs-p-mobile:0 0 0 0;--_gs-bg-mobile:transparent none;--_gs-bg-xp-mobile:0px;--_gs-zi-mobile:auto;--_gs-d-mobile:block;--_gs-mw-mobile:calc(100% - 0 - 0);--_gs-columns:12;--_gs-rows:6\"><div class=\"grids-s-w_i\">\n<div class=\"grids-area\" style=\"--_ga-column:1\/13;--_ga-row:1\/2;--_ga-m-desktop:0 0 0 0;--_ga-p-desktop:0 0 0 0;--_ga-bg-desktop:transparent none;--_ga-zi-desktop:auto;--_ga-d-desktop:flex;--_ga-mw-desktop:calc(100% - 0 - 0);--_ga-m-tablet:0 0 0 0;--_ga-p-tablet:0 0 0 0;--_ga-bg-tablet:transparent none;--_ga-zi-tablet:auto;--_ga-d-tablet:flex;--_ga-mw-tablet:calc(100% - 0 - 0);--_ga-m-mobile:0 0 0 0;--_ga-p-mobile:0 0 0 0;--_ga-bg-mobile:transparent none;--_ga-zi-mobile:auto;--_ga-d-mobile:flex;--_ga-mw-mobile:calc(100% - 0 - 0)\">\n\n<p><b>Die Garda Guest Card ist bei einem Aufenthalt von mindestens 2 N\u00e4chten kostenlos.<\/b><span style=\"font-weight: 400;\"> Weitere Informationen dazu finden Sie auf der folgenden Website:<\/span> <a href=\"https:\/\/www.gardatrentino.it\/de\/planen\/garda-guest-card\" target=\"_blank\" rel=\"noopener\"><b>https:\/\/www.gardatrentino.it\/it\/Garda-Guest-Card\/<\/b><\/a><\/p>\n\n<\/div>\n<\/div><\/div>\n\n\n<div class=\"conver-widget-v2\"\n     data-instance=\"conver-v2-4\">\n\n  <div class=\"chat-container\" id=\"chat-section\">\n\n    <div class=\"chat-header\">\n      <div class=\"chat-header-logo\">\n        <img decoding=\"async\"\n          src=\"https:\/\/www.hoteleuropariva.it\/wp-content\/themes\/jampaa\/template-parts\/ricerca-conversazionale-v2\/assets\/img\/logo-ricerca-conv.png\"\n          alt=\"\"\n        >\n        <span>Hallo<\/span>\n      <\/div>\n\n      <h2>Womit fangen wir an?<\/h2>\n    <\/div>\n\n    <!-- Chat -->\n    <div class=\"chat-box\"><\/div>\n\n    <!-- Loading -->\n    <div class=\"loading-conver hidden\" aria-hidden=\"true\">\n      <div class=\"dot\"><\/div><div class=\"dot\"><\/div><div class=\"dot\"><\/div>\n    <\/div>\n\n    <!-- Input -->\n    <div class=\"input-area-conver-wrapper\">\n      <div class=\"input-area-conver\">\n        <textarea\n          class=\"user-input-conver\"\n          placeholder=\"Stelle eine Frage...\"\n          rows=\"1\"\n        ><\/textarea>\n\n        <div class=\"box-btn-conver\">\n          <a class=\"send-btn-conver\" href=\"#\" role=\"button\" aria-label=\"AI Search\">\n            <i class=\"fa-light fa-magnifying-glass icon-search\" aria-hidden=\"true\"><\/i>\n            <i class=\"fa-regular fa-arrow-up icon-send hidden\" aria-hidden=\"true\"><\/i>\n            <span class=\"ai-search-text\">AI Search<\/span>\n          <\/a>\n\n          <i class=\"fa-light fa-close icon-erase hidden\" aria-hidden=\"true\"><\/i>\n        <\/div>\n      <\/div>\n    <\/div>\n    <span class=\"show-quick-questions hidden\">Zeige schnelle Fragen<\/span>\n\n    <!-- Domande rapide -->\n    <div class=\"entry-chats-wrapper\">\n      <button type=\"button\" class=\"entry-chat\" data-prompt=\"Ein Zimmer f\u00fcr zwei Personen buchen\">\n        Ein Zimmer f\u00fcr zwei Personen buchen      <\/button>\n\n      <button type=\"button\" class=\"entry-chat\" data-prompt=\"Sonderangebote entdecken\">\n        Sonderangebote entdecken      <\/button>\n\n      <button type=\"button\" class=\"entry-chat\" data-prompt=\"Zimmer entdecken\">\n        Zimmer entdecken      <\/button>\n\n      <button type=\"button\" class=\"entry-chat\" data-prompt=\"Entdecke den Sky Pool und das Wellnesscenter Ninfea\">\n        Entdecke den Sky Pool und das Wellnesscenter Ninfea      <\/button>\n    <\/div>\n\n  <\/div>\n<\/div>\n","protected":false},"excerpt":{"rendered":"","protected":false},"author":2,"featured_media":8597,"parent":0,"menu_order":0,"comment_status":"closed","ping_status":"closed","template":"templates\/template-full-width.php","meta":{"_acf_changed":false,"advgb_blocks_editor_width":"","advgb_blocks_columns_visual_guide":"","footnotes":""},"class_list":["post-1409","page","type-page","status-publish","has-post-thumbnail","hentry"],"acf":[],"yoast_head":"<!-- This site is optimized with the Yoast SEO plugin v27.4 - https:\/\/yoast.com\/product\/yoast-seo-wordpress\/ -->\n<title>Garda Guest Card - Hotel Europa<\/title>\n<meta name=\"description\" content=\"Mit der Garda Guest Card hat Man freien Eintritt in die meisten Museen. Es ist kostenlos mit einem Aufenthalt von mindestens 2 N\u00e4chte.\" \/>\n<meta name=\"robots\" content=\"index, follow, max-snippet:-1, max-image-preview:large, max-video-preview:-1\" \/>\n<link rel=\"canonical\" href=\"https:\/\/www.hoteleuropariva.it\/de\/garda-guest-card\/\" \/>\n<meta property=\"og:locale\" content=\"de_DE\" \/>\n<meta property=\"og:type\" content=\"article\" \/>\n<meta property=\"og:title\" content=\"Garda Guest Card - Hotel Europa\" \/>\n<meta property=\"og:description\" content=\"Mit der Garda Guest Card hat Man freien Eintritt in die meisten Museen. Es ist kostenlos mit einem Aufenthalt von mindestens 2 N\u00e4chte.\" \/>\n<meta property=\"og:url\" content=\"https:\/\/www.hoteleuropariva.it\/de\/garda-guest-card\/\" \/>\n<meta property=\"og:site_name\" content=\"Hotel Europa\" \/>\n<meta property=\"article:modified_time\" content=\"2026-02-17T15:53:45+00:00\" \/>\n<meta property=\"og:image\" content=\"https:\/\/www.hoteleuropariva.it\/wp-content\/uploads\/2024\/06\/gardaguestcard.jpg\" \/>\n\t<meta property=\"og:image:width\" content=\"600\" \/>\n\t<meta property=\"og:image:height\" content=\"398\" \/>\n\t<meta property=\"og:image:type\" content=\"image\/jpeg\" \/>\n<meta name=\"twitter:card\" content=\"summary_large_image\" \/>\n<meta name=\"twitter:label1\" content=\"Gesch\u00e4tzte Lesezeit\" \/>\n\t<meta name=\"twitter:data1\" content=\"3\u00a0Minuten\" \/>\n<script type=\"application\/ld+json\" class=\"yoast-schema-graph\">{\"@context\":\"https:\\\/\\\/schema.org\",\"@graph\":[{\"@type\":\"WebPage\",\"@id\":\"https:\\\/\\\/www.hoteleuropariva.it\\\/de\\\/garda-guest-card\\\/\",\"url\":\"https:\\\/\\\/www.hoteleuropariva.it\\\/de\\\/garda-guest-card\\\/\",\"name\":\"Garda Guest Card - Hotel Europa\",\"isPartOf\":{\"@id\":\"https:\\\/\\\/www.hoteleuropariva.it\\\/de\\\/#website\"},\"primaryImageOfPage\":{\"@id\":\"https:\\\/\\\/www.hoteleuropariva.it\\\/de\\\/garda-guest-card\\\/#primaryimage\"},\"image\":{\"@id\":\"https:\\\/\\\/www.hoteleuropariva.it\\\/de\\\/garda-guest-card\\\/#primaryimage\"},\"thumbnailUrl\":\"https:\\\/\\\/www.hoteleuropariva.it\\\/wp-content\\\/uploads\\\/2024\\\/06\\\/gardaguestcard.jpg\",\"datePublished\":\"2020-07-27T10:13:52+00:00\",\"dateModified\":\"2026-02-17T15:53:45+00:00\",\"description\":\"Mit der Garda Guest Card hat Man freien Eintritt in die meisten Museen. Es ist kostenlos mit einem Aufenthalt von mindestens 2 N\u00e4chte.\",\"inLanguage\":\"de\",\"potentialAction\":[{\"@type\":\"ReadAction\",\"target\":[\"https:\\\/\\\/www.hoteleuropariva.it\\\/de\\\/garda-guest-card\\\/\"]}]},{\"@type\":\"ImageObject\",\"inLanguage\":\"de\",\"@id\":\"https:\\\/\\\/www.hoteleuropariva.it\\\/de\\\/garda-guest-card\\\/#primaryimage\",\"url\":\"https:\\\/\\\/www.hoteleuropariva.it\\\/wp-content\\\/uploads\\\/2024\\\/06\\\/gardaguestcard.jpg\",\"contentUrl\":\"https:\\\/\\\/www.hoteleuropariva.it\\\/wp-content\\\/uploads\\\/2024\\\/06\\\/gardaguestcard.jpg\",\"width\":600,\"height\":398},{\"@type\":\"WebSite\",\"@id\":\"https:\\\/\\\/www.hoteleuropariva.it\\\/de\\\/#website\",\"url\":\"https:\\\/\\\/www.hoteleuropariva.it\\\/de\\\/\",\"name\":\"Hotel Europa\",\"description\":\"SkyPool &amp; Panorama | Riva del Garda\",\"publisher\":{\"@id\":\"https:\\\/\\\/www.hoteleuropariva.it\\\/de\\\/#organization\"},\"potentialAction\":[{\"@type\":\"SearchAction\",\"target\":{\"@type\":\"EntryPoint\",\"urlTemplate\":\"https:\\\/\\\/www.hoteleuropariva.it\\\/de\\\/?s={search_term_string}\"},\"query-input\":{\"@type\":\"PropertyValueSpecification\",\"valueRequired\":true,\"valueName\":\"search_term_string\"}}],\"inLanguage\":\"de\"},{\"@type\":\"Organization\",\"@id\":\"https:\\\/\\\/www.hoteleuropariva.it\\\/de\\\/#organization\",\"name\":\"Hotel Europa\",\"url\":\"https:\\\/\\\/www.hoteleuropariva.it\\\/de\\\/\",\"logo\":{\"@type\":\"ImageObject\",\"inLanguage\":\"de\",\"@id\":\"https:\\\/\\\/www.hoteleuropariva.it\\\/de\\\/#\\\/schema\\\/logo\\\/image\\\/\",\"url\":\"https:\\\/\\\/www.hoteleuropariva.it\\\/wp-content\\\/uploads\\\/2024\\\/02\\\/cropped-cropped-hotel-europa-logo-negativo.png\",\"contentUrl\":\"https:\\\/\\\/www.hoteleuropariva.it\\\/wp-content\\\/uploads\\\/2024\\\/02\\\/cropped-cropped-hotel-europa-logo-negativo.png\",\"width\":700,\"height\":143,\"caption\":\"Hotel Europa\"},\"image\":{\"@id\":\"https:\\\/\\\/www.hoteleuropariva.it\\\/de\\\/#\\\/schema\\\/logo\\\/image\\\/\"}}]}<\/script>\n<!-- \/ Yoast SEO plugin. -->","yoast_head_json":{"title":"Garda Guest Card - Hotel Europa","description":"Mit der Garda Guest Card hat Man freien Eintritt in die meisten Museen. Es ist kostenlos mit einem Aufenthalt von mindestens 2 N\u00e4chte.","robots":{"index":"index","follow":"follow","max-snippet":"max-snippet:-1","max-image-preview":"max-image-preview:large","max-video-preview":"max-video-preview:-1"},"canonical":"https:\/\/www.hoteleuropariva.it\/de\/garda-guest-card\/","og_locale":"de_DE","og_type":"article","og_title":"Garda Guest Card - Hotel Europa","og_description":"Mit der Garda Guest Card hat Man freien Eintritt in die meisten Museen. Es ist kostenlos mit einem Aufenthalt von mindestens 2 N\u00e4chte.","og_url":"https:\/\/www.hoteleuropariva.it\/de\/garda-guest-card\/","og_site_name":"Hotel Europa","article_modified_time":"2026-02-17T15:53:45+00:00","og_image":[{"width":600,"height":398,"url":"https:\/\/www.hoteleuropariva.it\/wp-content\/uploads\/2024\/06\/gardaguestcard.jpg","type":"image\/jpeg"}],"twitter_card":"summary_large_image","twitter_misc":{"Gesch\u00e4tzte Lesezeit":"3\u00a0Minuten"},"schema":{"@context":"https:\/\/schema.org","@graph":[{"@type":"WebPage","@id":"https:\/\/www.hoteleuropariva.it\/de\/garda-guest-card\/","url":"https:\/\/www.hoteleuropariva.it\/de\/garda-guest-card\/","name":"Garda Guest Card - Hotel Europa","isPartOf":{"@id":"https:\/\/www.hoteleuropariva.it\/de\/#website"},"primaryImageOfPage":{"@id":"https:\/\/www.hoteleuropariva.it\/de\/garda-guest-card\/#primaryimage"},"image":{"@id":"https:\/\/www.hoteleuropariva.it\/de\/garda-guest-card\/#primaryimage"},"thumbnailUrl":"https:\/\/www.hoteleuropariva.it\/wp-content\/uploads\/2024\/06\/gardaguestcard.jpg","datePublished":"2020-07-27T10:13:52+00:00","dateModified":"2026-02-17T15:53:45+00:00","description":"Mit der Garda Guest Card hat Man freien Eintritt in die meisten Museen. Es ist kostenlos mit einem Aufenthalt von mindestens 2 N\u00e4chte.","inLanguage":"de","potentialAction":[{"@type":"ReadAction","target":["https:\/\/www.hoteleuropariva.it\/de\/garda-guest-card\/"]}]},{"@type":"ImageObject","inLanguage":"de","@id":"https:\/\/www.hoteleuropariva.it\/de\/garda-guest-card\/#primaryimage","url":"https:\/\/www.hoteleuropariva.it\/wp-content\/uploads\/2024\/06\/gardaguestcard.jpg","contentUrl":"https:\/\/www.hoteleuropariva.it\/wp-content\/uploads\/2024\/06\/gardaguestcard.jpg","width":600,"height":398},{"@type":"WebSite","@id":"https:\/\/www.hoteleuropariva.it\/de\/#website","url":"https:\/\/www.hoteleuropariva.it\/de\/","name":"Hotel Europa","description":"SkyPool &amp; Panorama | Riva del Garda","publisher":{"@id":"https:\/\/www.hoteleuropariva.it\/de\/#organization"},"potentialAction":[{"@type":"SearchAction","target":{"@type":"EntryPoint","urlTemplate":"https:\/\/www.hoteleuropariva.it\/de\/?s={search_term_string}"},"query-input":{"@type":"PropertyValueSpecification","valueRequired":true,"valueName":"search_term_string"}}],"inLanguage":"de"},{"@type":"Organization","@id":"https:\/\/www.hoteleuropariva.it\/de\/#organization","name":"Hotel Europa","url":"https:\/\/www.hoteleuropariva.it\/de\/","logo":{"@type":"ImageObject","inLanguage":"de","@id":"https:\/\/www.hoteleuropariva.it\/de\/#\/schema\/logo\/image\/","url":"https:\/\/www.hoteleuropariva.it\/wp-content\/uploads\/2024\/02\/cropped-cropped-hotel-europa-logo-negativo.png","contentUrl":"https:\/\/www.hoteleuropariva.it\/wp-content\/uploads\/2024\/02\/cropped-cropped-hotel-europa-logo-negativo.png","width":700,"height":143,"caption":"Hotel Europa"},"image":{"@id":"https:\/\/www.hoteleuropariva.it\/de\/#\/schema\/logo\/image\/"}}]}},"coauthors":[],"author_meta":{"author_link":"https:\/\/www.hoteleuropariva.it\/de\/author\/hotel-europa\/","display_name":"Promoservice"},"relative_dates":{"created":"Posted 6\u00a0Jahren ago","modified":"Updated 2\u00a0Monaten ago"},"absolute_dates":{"created":"Posted on 27. Juli 2020","modified":"Updated on 17. Februar 2026"},"absolute_dates_time":{"created":"Posted on 27. Juli 2020 12:13","modified":"Updated on 17. Februar 2026 16:53"},"featured_img_caption":"","featured_img":"https:\/\/www.hoteleuropariva.it\/wp-content\/uploads\/2024\/06\/gardaguestcard.jpg","series_order":"","_links":{"self":[{"href":"https:\/\/www.hoteleuropariva.it\/de\/wp-json\/wp\/v2\/pages\/1409","targetHints":{"allow":["GET"]}}],"collection":[{"href":"https:\/\/www.hoteleuropariva.it\/de\/wp-json\/wp\/v2\/pages"}],"about":[{"href":"https:\/\/www.hoteleuropariva.it\/de\/wp-json\/wp\/v2\/types\/page"}],"author":[{"embeddable":true,"href":"https:\/\/www.hoteleuropariva.it\/de\/wp-json\/wp\/v2\/users\/2"}],"replies":[{"embeddable":true,"href":"https:\/\/www.hoteleuropariva.it\/de\/wp-json\/wp\/v2\/comments?post=1409"}],"version-history":[{"count":2,"href":"https:\/\/www.hoteleuropariva.it\/de\/wp-json\/wp\/v2\/pages\/1409\/revisions"}],"predecessor-version":[{"id":10421,"href":"https:\/\/www.hoteleuropariva.it\/de\/wp-json\/wp\/v2\/pages\/1409\/revisions\/10421"}],"wp:featuredmedia":[{"embeddable":true,"href":"https:\/\/www.hoteleuropariva.it\/de\/wp-json\/wp\/v2\/media\/8597"}],"wp:attachment":[{"href":"https:\/\/www.hoteleuropariva.it\/de\/wp-json\/wp\/v2\/media?parent=1409"}],"curies":[{"name":"wp","href":"https:\/\/api.w.org\/{rel}","templated":true}]}}